{"id":2549,"date":"2018-11-01T11:57:39","date_gmt":"2018-11-01T11:57:39","guid":{"rendered":"http:\/\/okthemes.com\/traciandemo2\/?page_id=2549"},"modified":"2022-06-08T14:32:01","modified_gmt":"2022-06-08T12:32:01","slug":"contact","status":"publish","type":"page","link":"https:\/\/frote.ch\/de\/contact\/","title":{"rendered":"Kontact"},"content":{"rendered":"<div class=\"vc_row wpb_row vc_row-fluid vc_custom_1553097050033\"><div class=\"wpb_column vc_column_container vc_col-sm-2\"><div class=\"vc_column-inner\"><div class=\"wpb_wrapper\"><\/div><\/div><\/div><div class=\"wpb_column vc_column_container vc_col-sm-8 vc_col-has-fill\"><div class=\"vc_column-inner vc_custom_1601371647315\"><div class=\"wpb_wrapper\">\n\t<div class=\"title-subtitle-box  wpb_animate_when_almost_visible wpb_bottom-to-top bottom-to-top vc_custom_1601371754503\" style=\" text-align: center;\">\n\t\t<h2 style=\" font-style: normal;\" class=\"special-title\" >\n\t\t<span style=\" color:#4d8b5f; \">Eine Frage?<\/span>Kontaktieren Sie uns<\/h2>\n\t<\/div> \n<div class=\"wpcf7 no-js\" id=\"wpcf7-f4114-o1\" lang=\"fr-FR\" dir=\"ltr\" data-wpcf7-id=\"4114\">\n<div class=\"screen-reader-response\"><p role=\"status\" aria-live=\"polite\" aria-atomic=\"true\"><\/p> <ul><\/ul><\/div>\n<form action=\"\/de\/wp-json\/wp\/v2\/pages\/2549#wpcf7-f4114-o1\" method=\"post\" class=\"wpcf7-form init\" aria-label=\"Formulaire de contact\" novalidate=\"novalidate\" data-status=\"init\" data-trp-original-action=\"\/de\/wp-json\/wp\/v2\/pages\/2549#wpcf7-f4114-o1\">\n<fieldset class=\"hidden-fields-container\"><input type=\"hidden\" name=\"_wpcf7\" value=\"4114\" \/><input type=\"hidden\" name=\"_wpcf7_version\" value=\"6.1.1\" \/><input type=\"hidden\" name=\"_wpcf7_locale\" value=\"fr_FR\" \/><input type=\"hidden\" name=\"_wpcf7_unit_tag\" value=\"wpcf7-f4114-o1\" \/><input type=\"hidden\" name=\"_wpcf7_container_post\" value=\"0\" \/><input type=\"hidden\" name=\"_wpcf7_posted_data_hash\" value=\"\" \/>\n<\/fieldset>\n<p><label><span class=\"wpcf7-form-control-wrap\" data-name=\"your-name\"><input size=\"40\" maxlength=\"400\" class=\"wpcf7-form-control wpcf7-text wpcf7-validates-as-required\" aria-required=\"true\" aria-invalid=\"false\" placeholder=\"Ihr Name und Vorname (obligatorisch)\" value=\"\" type=\"text\" name=\"your-name\" \/><\/span><\/label><br \/>\n<label><span class=\"wpcf7-form-control-wrap\" data-name=\"your-email\"><input size=\"40\" maxlength=\"400\" class=\"wpcf7-form-control wpcf7-email wpcf7-validates-as-required wpcf7-text wpcf7-validates-as-email\" aria-required=\"true\" aria-invalid=\"false\" placeholder=\"Ihr email (obligatorisch)\" value=\"\" type=\"email\" name=\"your-email\" \/><\/span><\/label><br \/>\n<label><span class=\"wpcf7-form-control-wrap\" data-name=\"your-subject\"><input size=\"40\" maxlength=\"400\" class=\"wpcf7-form-control wpcf7-text\" aria-invalid=\"false\" placeholder=\"Objekt\" value=\"\" type=\"text\" name=\"your-subject\" \/><\/span><\/label><br \/>\n<label><span class=\"wpcf7-form-control-wrap\" data-name=\"your-message\"><textarea cols=\"40\" rows=\"10\" maxlength=\"2000\" class=\"wpcf7-form-control wpcf7-textarea\" aria-invalid=\"false\" placeholder=\"Ihre Mitteilung\" name=\"your-message\"><\/textarea><\/span><\/label><br \/>\n<span id=\"wpcf7-69f89c471d061-wrapper\" class=\"wpcf7-form-control-wrap your-website-wrap\" style=\"display:none !important; visibility:hidden !important;\"><input type=\"hidden\" name=\"your-website-time-start\" value=\"1777900615\"><input type=\"hidden\" name=\"your-website-time-check\" value=\"4\"><label for=\"wpcf7-69f89c471d061-field\" class=\"hp-message\">Veuillez laisser ce champ vide.<\/label><input id=\"wpcf7-69f89c471d061-field\"  class=\"wpcf7-form-control wpcf7-text\" type=\"text\" name=\"your-website\" value=\"\" size=\"40\" tabindex=\"-1\" autocomplete=\"new-password\" \/><\/span><br \/>\n<input type=\"hidden\" name=\"_wpcf7_captcha_challenge_captcha-2\" value=\"2678658513\" \/><img loading=\"lazy\" decoding=\"async\" class=\"wpcf7-form-control wpcf7-captchac wpcf7-captcha-captcha-2\" width=\"72\" height=\"24\" alt=\"captcha\" src=\"https:\/\/frote.ch\/wp-content\/uploads\/wpcf7_captcha\/2678658513.png\" \/><span class=\"wpcf7-form-control-wrap\" data-name=\"captcha-2\"><input size=\"40\" class=\"wpcf7-form-control wpcf7-captchar\" autocomplete=\"off\" aria-invalid=\"false\" value=\"\" type=\"text\" name=\"captcha-2\" \/><\/span><br \/>\n<input class=\"wpcf7-form-control wpcf7-submit has-spinner\" type=\"submit\" value=\"Senden\" \/>\n<\/p><div class=\"wpcf7-response-output\" aria-hidden=\"true\"><\/div>\n<input type=\"hidden\" name=\"trp-form-language\" value=\"de\"\/><\/form>\n<\/div>\n<\/div><\/div><\/div><div class=\"wpb_column vc_column_container vc_col-sm-2\"><div class=\"vc_column-inner\"><div class=\"wpb_wrapper\"><\/div><\/div><\/div><\/div><div data-vc-full-width=\"true\" data-vc-full-width-init=\"false\" class=\"vc_row wpb_row vc_row-fluid contact-et-degustations\"><div class=\"wpb_column vc_column_container vc_col-sm-2\"><div class=\"vc_column-inner\"><div class=\"wpb_wrapper\"><\/div><\/div><\/div><div class=\"wpb_column vc_column_container vc_col-sm-3\"><div class=\"vc_column-inner\"><div class=\"wpb_wrapper\">\n\t<div class=\"wpb_text_column wpb_content_element\" >\n\t\t<div class=\"wpb_wrapper\">\n\t\t\t<p style=\"text-align: center;\"><strong>KONTAKT<\/strong><\/p>\n<p style=\"text-align: center;\">Domaine Fr\u00f4t\u00e9 SA<br \/>\nCase Postale 438<br \/>\n2520 La Neuveville<\/p>\n<p style=\"text-align: center;\"><a href=\"tel:0041792985150\">+41 (0)79 298 51 50<\/a><br \/>\n<a href=\"mailto:info@frote.ch\">info@frote.ch<\/a><\/p>\n\n\t\t<\/div>\n\t<\/div>\n<\/div><\/div><\/div><div class=\"wpb_column vc_column_container vc_col-sm-2\"><div class=\"vc_column-inner\"><div class=\"wpb_wrapper\">\n\t<div class=\"wpb_text_column wpb_content_element\" >\n\t\t<div class=\"wpb_wrapper\">\n\t\t\t<p style=\"text-align: center;\"><strong>NEWSLETTER<\/strong><\/p>\n<p style=\"text-align: center;\" class=\"translation-block\"><a href=\"https:\/\/frote.ch\/de\/newsletter\/\" target=\"_self\">Abonnieren Sie sich<\/a>, damit Sie die Informationen unseres Weinguts regelm\u00e4\u00dfig erhalten.<\/p>\n\n\t\t<\/div>\n\t<\/div>\n<\/div><\/div><\/div><div class=\"wpb_column vc_column_container vc_col-sm-3\"><div class=\"vc_column-inner\"><div class=\"wpb_wrapper\">\n\t<div class=\"wpb_text_column wpb_content_element\" >\n\t\t<div class=\"wpb_wrapper\">\n\t\t\t<p style=\"text-align: center;\"><strong>DEGUSTATIONEN<\/strong><\/p>\n<p style=\"text-align: center;\" class=\"translation-block\">Auf Vereinbarung:<br>Auberson &amp; Fils SA<br>\nChemin du Tirage 25<br>\n2520 La Neuveville<\/p>\n<p style=\"text-align: center;\"><a href=\"tel:0041327511830\">+41 (0)32 751 18 30<\/a><br \/>\n<a href=\"mailto:info@auberson-et-fils.ch\">info@auberson-et-fils.ch<\/a><\/p>\n\n\t\t<\/div>\n\t<\/div>\n<\/div><\/div><\/div><div class=\"wpb_column vc_column_container vc_col-sm-2\"><div class=\"vc_column-inner\"><div class=\"wpb_wrapper\"><\/div><\/div><\/div><\/div><div class=\"vc_row-full-width vc_clearfix\"><\/div>","protected":false},"excerpt":{"rendered":"Une question ?Contactez-nous Veuillez laisser ce champ vide. CONTACT Domaine Fr\u00f4t\u00e9 SA Case Postale 438 2520 La Neuveville +41 (0)79 298 51 50 info@frote.ch NEWSLETTER Abonnez-vous pour recevoir r\u00e9guli\u00e8rement des informations du Domaine. D\u00c9GUSTATIONS Sur rendez-vous: Auberson &amp; Fils SA Chemin du Tirage 25 2520 La Neuveville +41 (0)32 751 18 30 info@auberson-et-fils.ch","protected":false},"author":1,"featured_media":0,"parent":0,"menu_order":0,"comment_status":"closed","ping_status":"closed","template":"","meta":{"footnotes":""},"class_list":["post-2549","page","type-page","status-publish","hentry"],"yoast_head":"<!-- This site is optimized with the Yoast SEO plugin v26.0 - https:\/\/yoast.com\/wordpress\/plugins\/seo\/ -->\n<title>Prendre contact \/ commander en ligne \/ Domaine Fr\u00f4t\u00e9<\/title>\n<meta name=\"description\" content=\"Prenez contact avec nous. Nous nous r\u00e9jouissons de cet \u00e9change.\" \/>\n<meta name=\"robots\" content=\"index, follow, max-snippet:-1, max-image-preview:large, max-video-preview:-1\" \/>\n<link rel=\"canonical\" href=\"https:\/\/frote.ch\/de\/contact\/\" \/>\n<meta property=\"og:locale\" content=\"de_DE\" \/>\n<meta property=\"og:type\" content=\"article\" \/>\n<meta property=\"og:title\" content=\"Prendre contact \/ commander en ligne \/ Domaine Fr\u00f4t\u00e9\" \/>\n<meta property=\"og:description\" content=\"Prenez contact avec nous. Nous nous r\u00e9jouissons de cet \u00e9change.\" \/>\n<meta property=\"og:url\" content=\"https:\/\/frote.ch\/de\/contact\/\" \/>\n<meta property=\"og:site_name\" content=\"Domaine Fr\u00f4t\u00e9\" \/>\n<meta property=\"article:modified_time\" content=\"2022-06-08T12:32:01+00:00\" \/>\n<meta name=\"twitter:card\" content=\"summary_large_image\" \/>\n<meta name=\"twitter:label1\" content=\"Gesch\u00e4tzte Lesezeit\" \/>\n\t<meta name=\"twitter:data1\" content=\"1\u00a0Minute\" \/>\n<script type=\"application\/ld+json\" class=\"yoast-schema-graph\">{\"@context\":\"https:\/\/schema.org\",\"@graph\":[{\"@type\":\"WebPage\",\"@id\":\"https:\/\/frote.ch\/contact\/\",\"url\":\"https:\/\/frote.ch\/contact\/\",\"name\":\"Prendre contact \/ commander en ligne \/ Domaine Fr\u00f4t\u00e9\",\"isPartOf\":{\"@id\":\"https:\/\/frote.ch\/#website\"},\"datePublished\":\"2018-11-01T11:57:39+00:00\",\"dateModified\":\"2022-06-08T12:32:01+00:00\",\"description\":\"Prenez contact avec nous. Nous nous r\u00e9jouissons de cet \u00e9change.\",\"breadcrumb\":{\"@id\":\"https:\/\/frote.ch\/contact\/#breadcrumb\"},\"inLanguage\":\"de-CH\",\"potentialAction\":[{\"@type\":\"ReadAction\",\"target\":[\"https:\/\/frote.ch\/contact\/\"]}]},{\"@type\":\"BreadcrumbList\",\"@id\":\"https:\/\/frote.ch\/contact\/#breadcrumb\",\"itemListElement\":[{\"@type\":\"ListItem\",\"position\":1,\"name\":\"Accueil\",\"item\":\"https:\/\/frote.ch\/\"},{\"@type\":\"ListItem\",\"position\":2,\"name\":\"Contact\"}]},{\"@type\":\"WebSite\",\"@id\":\"https:\/\/frote.ch\/#website\",\"url\":\"https:\/\/frote.ch\/\",\"name\":\"Domaine Fr\u00f4t\u00e9\",\"description\":\"\",\"publisher\":{\"@id\":\"https:\/\/frote.ch\/#organization\"},\"potentialAction\":[{\"@type\":\"SearchAction\",\"target\":{\"@type\":\"EntryPoint\",\"urlTemplate\":\"https:\/\/frote.ch\/?s={search_term_string}\"},\"query-input\":{\"@type\":\"PropertyValueSpecification\",\"valueRequired\":true,\"valueName\":\"search_term_string\"}}],\"inLanguage\":\"de-CH\"},{\"@type\":\"Organization\",\"@id\":\"https:\/\/frote.ch\/#organization\",\"name\":\"Domaine Fr\u00f4t\u00e9\",\"url\":\"https:\/\/frote.ch\/\",\"logo\":{\"@type\":\"ImageObject\",\"inLanguage\":\"de-CH\",\"@id\":\"https:\/\/frote.ch\/#\/schema\/logo\/image\/\",\"url\":\"https:\/\/frote.ch\/wp-content\/uploads\/2020\/12\/logo_190_211.png\",\"contentUrl\":\"https:\/\/frote.ch\/wp-content\/uploads\/2020\/12\/logo_190_211.png\",\"width\":190,\"height\":211,\"caption\":\"Domaine Fr\u00f4t\u00e9\"},\"image\":{\"@id\":\"https:\/\/frote.ch\/#\/schema\/logo\/image\/\"},\"sameAs\":[\"https:\/\/www.youtube.com\/channel\/UCvOaQ6GZie5jiaea7SM7KWA\"]}]}<\/script>\n<!-- \/ Yoast SEO plugin. -->","yoast_head_json":{"title":"Prendre contact \/ commander en ligne \/ Domaine Fr\u00f4t\u00e9","description":"Prenez contact avec nous. Nous nous r\u00e9jouissons de cet \u00e9change.","robots":{"index":"index","follow":"follow","max-snippet":"max-snippet:-1","max-image-preview":"max-image-preview:large","max-video-preview":"max-video-preview:-1"},"canonical":"https:\/\/frote.ch\/de\/contact\/","og_locale":"de_DE","og_type":"article","og_title":"Prendre contact \/ commander en ligne \/ Domaine Fr\u00f4t\u00e9","og_description":"Prenez contact avec nous. Nous nous r\u00e9jouissons de cet \u00e9change.","og_url":"https:\/\/frote.ch\/de\/contact\/","og_site_name":"Domaine Fr\u00f4t\u00e9","article_modified_time":"2022-06-08T12:32:01+00:00","twitter_card":"summary_large_image","twitter_misc":{"Gesch\u00e4tzte Lesezeit":"1\u00a0Minute"},"schema":{"@context":"https:\/\/schema.org","@graph":[{"@type":"WebPage","@id":"https:\/\/frote.ch\/contact\/","url":"https:\/\/frote.ch\/contact\/","name":"Prendre contact \/ commander en ligne \/ Domaine Fr\u00f4t\u00e9","isPartOf":{"@id":"https:\/\/frote.ch\/#website"},"datePublished":"2018-11-01T11:57:39+00:00","dateModified":"2022-06-08T12:32:01+00:00","description":"Prenez contact avec nous. Nous nous r\u00e9jouissons de cet \u00e9change.","breadcrumb":{"@id":"https:\/\/frote.ch\/contact\/#breadcrumb"},"inLanguage":"de-CH","potentialAction":[{"@type":"ReadAction","target":["https:\/\/frote.ch\/contact\/"]}]},{"@type":"BreadcrumbList","@id":"https:\/\/frote.ch\/contact\/#breadcrumb","itemListElement":[{"@type":"ListItem","position":1,"name":"Accueil","item":"https:\/\/frote.ch\/"},{"@type":"ListItem","position":2,"name":"Contact"}]},{"@type":"WebSite","@id":"https:\/\/frote.ch\/#website","url":"https:\/\/frote.ch\/","name":"Domaine Fr\u00f4t\u00e9","description":"","publisher":{"@id":"https:\/\/frote.ch\/#organization"},"potentialAction":[{"@type":"SearchAction","target":{"@type":"EntryPoint","urlTemplate":"https:\/\/frote.ch\/?s={search_term_string}"},"query-input":{"@type":"PropertyValueSpecification","valueRequired":true,"valueName":"search_term_string"}}],"inLanguage":"de-CH"},{"@type":"Organization","@id":"https:\/\/frote.ch\/#organization","name":"Domaine Fr\u00f4t\u00e9","url":"https:\/\/frote.ch\/","logo":{"@type":"ImageObject","inLanguage":"de-CH","@id":"https:\/\/frote.ch\/#\/schema\/logo\/image\/","url":"https:\/\/frote.ch\/wp-content\/uploads\/2020\/12\/logo_190_211.png","contentUrl":"https:\/\/frote.ch\/wp-content\/uploads\/2020\/12\/logo_190_211.png","width":190,"height":211,"caption":"Domaine Fr\u00f4t\u00e9"},"image":{"@id":"https:\/\/frote.ch\/#\/schema\/logo\/image\/"},"sameAs":["https:\/\/www.youtube.com\/channel\/UCvOaQ6GZie5jiaea7SM7KWA"]}]}},"_links":{"self":[{"href":"https:\/\/frote.ch\/de\/wp-json\/wp\/v2\/pages\/2549","targetHints":{"allow":["GET"]}}],"collection":[{"href":"https:\/\/frote.ch\/de\/wp-json\/wp\/v2\/pages"}],"about":[{"href":"https:\/\/frote.ch\/de\/wp-json\/wp\/v2\/types\/page"}],"author":[{"embeddable":true,"href":"https:\/\/frote.ch\/de\/wp-json\/wp\/v2\/users\/1"}],"replies":[{"embeddable":true,"href":"https:\/\/frote.ch\/de\/wp-json\/wp\/v2\/comments?post=2549"}],"version-history":[{"count":7,"href":"https:\/\/frote.ch\/de\/wp-json\/wp\/v2\/pages\/2549\/revisions"}],"predecessor-version":[{"id":4260,"href":"https:\/\/frote.ch\/de\/wp-json\/wp\/v2\/pages\/2549\/revisions\/4260"}],"wp:attachment":[{"href":"https:\/\/frote.ch\/de\/wp-json\/wp\/v2\/media?parent=2549"}],"curies":[{"name":"wp","href":"https:\/\/api.w.org\/{rel}","templated":true}]}}