{"id":3356,"date":"2020-09-29T09:40:52","date_gmt":"2020-09-29T07:40:52","guid":{"rendered":"https:\/\/frote-staging.arcantel.ch\/?page_id=3356"},"modified":"2022-06-08T14:34:00","modified_gmt":"2022-06-08T12:34:00","slug":"la-garide","status":"publish","type":"page","link":"https:\/\/frote.ch\/de\/la-garide\/","title":{"rendered":"La Garide"},"content":{"rendered":"<div data-vc-full-width=\"true\" data-vc-full-width-init=\"false\" data-vc-stretch-content=\"true\" class=\"vc_row wpb_row vc_row-fluid image-full vc_row-no-padding\"><div class=\"wpb_column vc_column_container vc_col-sm-12\"><div class=\"vc_column-inner\"><div class=\"wpb_wrapper\">\n\t<div class=\"wpb_raw_code wpb_content_element wpb_raw_html\" >\n\t\t<div class=\"wpb_wrapper\">\n\t\t\t<a name=\"garide\"><\/a>\n\t\t<\/div>\n\t<\/div>\n\n\t<div  class=\"wpb_single_image wpb_content_element vc_align_center\">\n\t\t\n\t\t<figure class=\"wpb_wrapper vc_figure\">\n\t\t\t<div class=\"vc_single_image-wrapper   vc_box_border_grey\"><img loading=\"lazy\" decoding=\"async\" width=\"3635\" height=\"1621\" src=\"https:\/\/frote.ch\/wp-content\/uploads\/2020\/09\/garide_1.png\" class=\"vc_single_image-img attachment-full\" alt=\"\" srcset=\"https:\/\/frote.ch\/wp-content\/uploads\/2020\/09\/garide_1.png 3635w, https:\/\/frote.ch\/wp-content\/uploads\/2020\/09\/garide_1-300x134.png 300w, https:\/\/frote.ch\/wp-content\/uploads\/2020\/09\/garide_1-1024x457.png 1024w, https:\/\/frote.ch\/wp-content\/uploads\/2020\/09\/garide_1-768x342.png 768w, https:\/\/frote.ch\/wp-content\/uploads\/2020\/09\/garide_1-1536x685.png 1536w, https:\/\/frote.ch\/wp-content\/uploads\/2020\/09\/garide_1-2048x913.png 2048w\" sizes=\"auto, (max-width: 3635px) 100vw, 3635px\" \/><\/div>\n\t\t<\/figure>\n\t<\/div>\n<\/div><\/div><\/div><\/div><div class=\"vc_row-full-width vc_clearfix\"><\/div><div data-vc-full-width=\"true\" data-vc-full-width-init=\"false\" class=\"vc_row wpb_row vc_row-fluid trame mb-0\"><div class=\"wpb_column vc_column_container vc_col-sm-12\"><div class=\"vc_column-inner\"><div class=\"wpb_wrapper\">\n\t<div class=\"wpb_text_column wpb_content_element\" >\n\t\t<div class=\"wpb_wrapper\">\n\t\t\t<h1 style=\"text-align: center;\">La Garide<\/h1>\n<p style=\"text-align: center;\"><em>Willkommen in einer gro\u00dfz\u00fcgigen Natur am Fu\u00df der Schweizer Jurakette, von Botanikern in Analogie zur provenzalischen Garrigue \u00abLa Garide\u00bb genannt, weil die \u00c4hnlichkeiten der Flora und Fauna so frappierend sind.<\/em><\/p>\n\n\t\t<\/div>\n\t<\/div>\n<\/div><\/div><\/div><\/div><div class=\"vc_row-full-width vc_clearfix\"><\/div><div data-vc-full-width=\"true\" data-vc-full-width-init=\"false\" class=\"vc_row wpb_row vc_row-fluid mb-0 pt-5 vc_custom_1601367997654 vc_row-has-fill\"><div class=\"wpb_column vc_column_container vc_col-sm-6\"><div class=\"vc_column-inner\"><div class=\"wpb_wrapper\">\n\t<div class=\"wpb_text_column wpb_content_element  text-justify\" >\n\t\t<div class=\"wpb_wrapper\">\n\t\t\t<p>Diese stark kalkhaltigen, nur wenig Wasser speichernden B\u00f6den sind von einer buschigen Vegetation bedeckt und von einem kontinentalen Klima mit markanten jahreszeitlichen Unterschieden gepr\u00e4gt. \u00dcberragt werden sie im Norden vom Chasseral, heute ein regionaler Naturpark. Dieser h\u00f6chste Bergr\u00fccken im Berner wacht \u00fcber unsere Rebberge und wird von einer gro\u00dfz\u00fcgigen Sonneneinstrahlung beg\u00fcnstigt. Unser Weinberg ist ideal gelegen, da er sowohl von ihrer Reflexion auf den Felsh\u00e4ngen als auch der Spiegelung des Sees im S\u00fcden profitiert.<\/p>\n\n\t\t<\/div>\n\t<\/div>\n\n\t<div  class=\"wpb_single_image wpb_content_element vc_align_center\">\n\t\t\n\t\t<figure class=\"wpb_wrapper vc_figure\">\n\t\t\t<div class=\"vc_single_image-wrapper   vc_box_border_grey\"><img loading=\"lazy\" decoding=\"async\" width=\"768\" height=\"1024\" src=\"https:\/\/frote.ch\/wp-content\/uploads\/2021\/08\/Garride_1_New_4-3-768x1024.png\" class=\"vc_single_image-img attachment-large\" alt=\"\" srcset=\"https:\/\/frote.ch\/wp-content\/uploads\/2021\/08\/Garride_1_New_4-3-768x1023.png 768w, https:\/\/frote.ch\/wp-content\/uploads\/2021\/08\/Garride_1_New_4-3-225x300.png 225w, https:\/\/frote.ch\/wp-content\/uploads\/2021\/08\/Garride_1_New_4-3-1153x1536.png 1153w, https:\/\/frote.ch\/wp-content\/uploads\/2021\/08\/Garride_1_New_4-3.png 1167w\" sizes=\"auto, (max-width: 768px) 100vw, 768px\" \/><\/div>\n\t\t<\/figure>\n\t<\/div>\n<\/div><\/div><\/div><div class=\"wpb_column vc_column_container vc_col-sm-6\"><div class=\"vc_column-inner\"><div class=\"wpb_wrapper\">\n\t<div  class=\"wpb_single_image wpb_content_element vc_align_center\">\n\t\t\n\t\t<figure class=\"wpb_wrapper vc_figure\">\n\t\t\t<div class=\"vc_single_image-wrapper   vc_box_border_grey\"><img loading=\"lazy\" decoding=\"async\" width=\"799\" height=\"1024\" src=\"https:\/\/frote.ch\/wp-content\/uploads\/2020\/09\/garide_3-799x1024.png\" class=\"vc_single_image-img attachment-large\" alt=\"\" srcset=\"https:\/\/frote.ch\/wp-content\/uploads\/2020\/09\/garide_3-799x1024.png 799w, https:\/\/frote.ch\/wp-content\/uploads\/2020\/09\/garide_3-234x300.png 234w, https:\/\/frote.ch\/wp-content\/uploads\/2020\/09\/garide_3-768x984.png 768w, https:\/\/frote.ch\/wp-content\/uploads\/2020\/09\/garide_3.png 1003w\" sizes=\"auto, (max-width: 799px) 100vw, 799px\" \/><\/div>\n\t\t<\/figure>\n\t<\/div>\n\n\t<div class=\"wpb_text_column wpb_content_element\" >\n\t\t<div class=\"wpb_wrapper\">\n\t\t\t<p>Unseren lichtdurchfluteten Parzellen kommt auch eine optimale Hygrometrie zugute, dies dank den reichlichen und h\u00e4ufigen Regenf\u00e4llen. Ihr Wasser wird von einem Boden absorbiert, der mit seine Ton-Kalk-Mischung sowohl an der Oberfl\u00e4che als auch in der Tiefe gut abtrocknet. Unsere nach althergebrachten Verfahren von Hand errichteten Trockenmauern bieten einer Fauna und Flora Schutz, deren Biodiversit\u00e4t uns sehr wichtig ist. Die Terrassenlage erg\u00e4nzt die Eignung f\u00fcr den Rebbau und schafft ein Mosaik von Terroirs, die Nischenweine mit Finesse und subtilen Aromen hervorbringen.<\/p>\n\n\t\t<\/div>\n\t<\/div>\n<\/div><\/div><\/div><\/div><div class=\"vc_row-full-width vc_clearfix\"><\/div><div data-vc-full-width=\"true\" data-vc-full-width-init=\"false\" class=\"vc_row wpb_row vc_row-fluid navigation\"><div class=\"wpb_column vc_column_container vc_col-sm-12\"><div class=\"vc_column-inner\"><div class=\"wpb_wrapper\"><div class=\"vc_separator wpb_content_element vc_separator_align_center vc_sep_width_100 vc_sep_pos_align_center vc_separator_no_text vc_sep_color_grey\" ><span class=\"vc_sep_holder vc_sep_holder_l\"><span  class=\"vc_sep_line\"><\/span><\/span><span class=\"vc_sep_holder vc_sep_holder_r\"><span  class=\"vc_sep_line\"><\/span><\/span>\n<\/div><div class=\"vc_row wpb_row vc_inner vc_row-fluid\"><div class=\"vc_col-xs-4 wpb_column vc_column_container vc_col-sm-4\"><div class=\"vc_column-inner\"><div class=\"wpb_wrapper\">\n\t<div class=\"gg-special-button-wrapper  special-button-align-left special-button-style-btn-secondary\"><a class=\"btn btn-secondary\" href=\"https:\/\/frote.ch\/de\/le-domaine\/\" title=\"Das Gut\" target=\"_self\">Das Gut<\/a><\/div><\/div><\/div><\/div><div class=\"vc_col-xs-4 wpb_column vc_column_container vc_col-sm-4\"><div class=\"vc_column-inner\"><div class=\"wpb_wrapper\">\n\t<div class=\"gg-special-button-wrapper  special-button-align-left special-button-style-btn-secondary\"><a class=\"btn btn-secondary\" href=\"https:\/\/frote.ch\/de\/nos-vins\/\" title=\"Unsere Weine\" target=\"_self\">Unsere Weine<\/a><\/div><\/div><\/div><\/div><div class=\"vc_col-xs-4 wpb_column vc_column_container vc_col-sm-4\"><div class=\"vc_column-inner\"><div class=\"wpb_wrapper\">\n\t<div class=\"gg-special-button-wrapper  special-button-align-left special-button-style-btn-secondary\"><a class=\"btn btn-secondary\" href=\"https:\/\/frote.ch\/de\/degustations\/\" title=\"Degustationen\" target=\"_self\">Degustationen<\/a><\/div><\/div><\/div><\/div><\/div><\/div><\/div><\/div><\/div><div class=\"vc_row-full-width vc_clearfix\"><\/div><div data-vc-full-width=\"true\" data-vc-full-width-init=\"false\" class=\"vc_row wpb_row vc_row-fluid contact-et-degustations\"><div class=\"wpb_column vc_column_container vc_col-sm-2\"><div class=\"vc_column-inner\"><div class=\"wpb_wrapper\"><\/div><\/div><\/div><div class=\"wpb_column vc_column_container vc_col-sm-3\"><div class=\"vc_column-inner\"><div class=\"wpb_wrapper\">\n\t<div class=\"wpb_text_column wpb_content_element\" >\n\t\t<div class=\"wpb_wrapper\">\n\t\t\t<p style=\"text-align: center;\"><strong>KONTAKT<\/strong><\/p>\n<p style=\"text-align: center;\">Domaine Fr\u00f4t\u00e9 SA<br \/>\nCase Postale 438<br \/>\n2520 La Neuveville<\/p>\n<p style=\"text-align: center;\"><a href=\"tel:0041792985150\">+41 (0)79 298 51 50<\/a><br \/>\n<a href=\"mailto:info@frote.ch\">info@frote.ch<\/a><\/p>\n\n\t\t<\/div>\n\t<\/div>\n<\/div><\/div><\/div><div class=\"wpb_column vc_column_container vc_col-sm-2\"><div class=\"vc_column-inner\"><div class=\"wpb_wrapper\">\n\t<div class=\"wpb_text_column wpb_content_element\" >\n\t\t<div class=\"wpb_wrapper\">\n\t\t\t<p style=\"text-align: center;\"><strong>NEWSLETTER<\/strong><\/p>\n<p style=\"text-align: center;\" class=\"translation-block\"><a href=\"https:\/\/frote.ch\/de\/newsletter\/\" target=\"_self\">Abonnieren Sie sich<\/a>, damit Sie die Informationen unseres Weinguts regelm\u00e4\u00dfig erhalten.<\/p>\n\n\t\t<\/div>\n\t<\/div>\n<\/div><\/div><\/div><div class=\"wpb_column vc_column_container vc_col-sm-3\"><div class=\"vc_column-inner\"><div class=\"wpb_wrapper\">\n\t<div class=\"wpb_text_column wpb_content_element\" >\n\t\t<div class=\"wpb_wrapper\">\n\t\t\t<p style=\"text-align: center;\"><strong>DEGUSTATIONEN<\/strong><\/p>\n<p style=\"text-align: center;\" class=\"translation-block\">Auf Vereinbarung:<br>Auberson &amp; Fils SA<br>\nChemin du Tirage 25<br>\n2520 La Neuveville<\/p>\n<p style=\"text-align: center;\"><a href=\"tel:0041327511830\">+41 (0)32 751 18 30<\/a><br \/>\n<a href=\"mailto:info@auberson-et-fils.ch\">info@auberson-et-fils.ch<\/a><\/p>\n\n\t\t<\/div>\n\t<\/div>\n<\/div><\/div><\/div><div class=\"wpb_column vc_column_container vc_col-sm-2\"><div class=\"vc_column-inner\"><div class=\"wpb_wrapper\"><\/div><\/div><\/div><\/div><div class=\"vc_row-full-width vc_clearfix\"><\/div>","protected":false},"excerpt":{"rendered":"La Garide Bienvenue dans une nature g\u00e9n\u00e9reuse, celle de la cha\u00eene jurassienne suisse, que les botanistes ont nomm\u00e9e \u201cLa Garide\u201d par analogie \u00e0 la garrigue proven\u00e7ale tant les similitudes de la faune et la flore sont frappantes. Ce terrain \u00e0 la roche calcaire, absorbant peu l\u2019eau et battu par une v\u00e9g\u00e9tation broussailleuse, est berc\u00e9 par<p class=\"more-link-wrapper\"><a class=\"read-more special-hover right_horizontal_line_effect\" href=\"https:\/\/frote.ch\/de\/la-garide\/\">Read More<\/a><\/p>","protected":false},"author":1,"featured_media":0,"parent":0,"menu_order":0,"comment_status":"closed","ping_status":"closed","template":"","meta":{"footnotes":""},"class_list":["post-3356","page","type-page","status-publish","hentry"],"yoast_head":"<!-- This site is optimized with the Yoast SEO plugin v26.0 - https:\/\/yoast.com\/wordpress\/plugins\/seo\/ -->\n<title>La Garide \/ Une nature g\u00e9n\u00e9reuse et singuli\u00e8re \/ Domaine Fr\u00f4t\u00e9<\/title>\n<meta name=\"description\" content=\"Au domaine Fr\u00f4t\u00e9, d\u00e9couvrez une nature particuli\u00e8re sise aux pieds du parc naturel r\u00e9gional du Chasseral.\" \/>\n<meta name=\"robots\" content=\"index, follow, max-snippet:-1, max-image-preview:large, max-video-preview:-1\" \/>\n<link rel=\"canonical\" href=\"https:\/\/frote.ch\/de\/la-garide\/\" \/>\n<meta property=\"og:locale\" content=\"de_DE\" \/>\n<meta property=\"og:type\" content=\"article\" \/>\n<meta property=\"og:title\" content=\"La Garide \/ Une nature g\u00e9n\u00e9reuse et singuli\u00e8re \/ Domaine Fr\u00f4t\u00e9\" \/>\n<meta property=\"og:description\" content=\"Au domaine Fr\u00f4t\u00e9, d\u00e9couvrez une nature particuli\u00e8re sise aux pieds du parc naturel r\u00e9gional du Chasseral.\" \/>\n<meta property=\"og:url\" content=\"https:\/\/frote.ch\/de\/la-garide\/\" \/>\n<meta property=\"og:site_name\" content=\"Domaine Fr\u00f4t\u00e9\" \/>\n<meta property=\"article:modified_time\" content=\"2022-06-08T12:34:00+00:00\" \/>\n<meta name=\"twitter:card\" content=\"summary_large_image\" \/>\n<meta name=\"twitter:label1\" content=\"Gesch\u00e4tzte Lesezeit\" \/>\n\t<meta name=\"twitter:data1\" content=\"3\u00a0Minuten\" \/>\n<script type=\"application\/ld+json\" class=\"yoast-schema-graph\">{\"@context\":\"https:\/\/schema.org\",\"@graph\":[{\"@type\":\"WebPage\",\"@id\":\"https:\/\/frote.ch\/la-garide\/\",\"url\":\"https:\/\/frote.ch\/la-garide\/\",\"name\":\"La Garide \/ Une nature g\u00e9n\u00e9reuse et singuli\u00e8re \/ Domaine Fr\u00f4t\u00e9\",\"isPartOf\":{\"@id\":\"https:\/\/frote.ch\/#website\"},\"datePublished\":\"2020-09-29T07:40:52+00:00\",\"dateModified\":\"2022-06-08T12:34:00+00:00\",\"description\":\"Au domaine Fr\u00f4t\u00e9, d\u00e9couvrez une nature particuli\u00e8re sise aux pieds du parc naturel r\u00e9gional du Chasseral.\",\"breadcrumb\":{\"@id\":\"https:\/\/frote.ch\/la-garide\/#breadcrumb\"},\"inLanguage\":\"de-CH\",\"potentialAction\":[{\"@type\":\"ReadAction\",\"target\":[\"https:\/\/frote.ch\/la-garide\/\"]}]},{\"@type\":\"BreadcrumbList\",\"@id\":\"https:\/\/frote.ch\/la-garide\/#breadcrumb\",\"itemListElement\":[{\"@type\":\"ListItem\",\"position\":1,\"name\":\"Accueil\",\"item\":\"https:\/\/frote.ch\/\"},{\"@type\":\"ListItem\",\"position\":2,\"name\":\"La Garide\"}]},{\"@type\":\"WebSite\",\"@id\":\"https:\/\/frote.ch\/#website\",\"url\":\"https:\/\/frote.ch\/\",\"name\":\"Domaine Fr\u00f4t\u00e9\",\"description\":\"\",\"publisher\":{\"@id\":\"https:\/\/frote.ch\/#organization\"},\"potentialAction\":[{\"@type\":\"SearchAction\",\"target\":{\"@type\":\"EntryPoint\",\"urlTemplate\":\"https:\/\/frote.ch\/?s={search_term_string}\"},\"query-input\":{\"@type\":\"PropertyValueSpecification\",\"valueRequired\":true,\"valueName\":\"search_term_string\"}}],\"inLanguage\":\"de-CH\"},{\"@type\":\"Organization\",\"@id\":\"https:\/\/frote.ch\/#organization\",\"name\":\"Domaine Fr\u00f4t\u00e9\",\"url\":\"https:\/\/frote.ch\/\",\"logo\":{\"@type\":\"ImageObject\",\"inLanguage\":\"de-CH\",\"@id\":\"https:\/\/frote.ch\/#\/schema\/logo\/image\/\",\"url\":\"https:\/\/frote.ch\/wp-content\/uploads\/2020\/12\/logo_190_211.png\",\"contentUrl\":\"https:\/\/frote.ch\/wp-content\/uploads\/2020\/12\/logo_190_211.png\",\"width\":190,\"height\":211,\"caption\":\"Domaine Fr\u00f4t\u00e9\"},\"image\":{\"@id\":\"https:\/\/frote.ch\/#\/schema\/logo\/image\/\"},\"sameAs\":[\"https:\/\/www.youtube.com\/channel\/UCvOaQ6GZie5jiaea7SM7KWA\"]}]}<\/script>\n<!-- \/ Yoast SEO plugin. -->","yoast_head_json":{"title":"La Garide \/ Une nature g\u00e9n\u00e9reuse et singuli\u00e8re \/ Domaine Fr\u00f4t\u00e9","description":"Au domaine Fr\u00f4t\u00e9, d\u00e9couvrez une nature particuli\u00e8re sise aux pieds du parc naturel r\u00e9gional du Chasseral.","robots":{"index":"index","follow":"follow","max-snippet":"max-snippet:-1","max-image-preview":"max-image-preview:large","max-video-preview":"max-video-preview:-1"},"canonical":"https:\/\/frote.ch\/de\/la-garide\/","og_locale":"de_DE","og_type":"article","og_title":"La Garide \/ Une nature g\u00e9n\u00e9reuse et singuli\u00e8re \/ Domaine Fr\u00f4t\u00e9","og_description":"Au domaine Fr\u00f4t\u00e9, d\u00e9couvrez une nature particuli\u00e8re sise aux pieds du parc naturel r\u00e9gional du Chasseral.","og_url":"https:\/\/frote.ch\/de\/la-garide\/","og_site_name":"Domaine Fr\u00f4t\u00e9","article_modified_time":"2022-06-08T12:34:00+00:00","twitter_card":"summary_large_image","twitter_misc":{"Gesch\u00e4tzte Lesezeit":"3\u00a0Minuten"},"schema":{"@context":"https:\/\/schema.org","@graph":[{"@type":"WebPage","@id":"https:\/\/frote.ch\/la-garide\/","url":"https:\/\/frote.ch\/la-garide\/","name":"La Garide \/ Une nature g\u00e9n\u00e9reuse et singuli\u00e8re \/ Domaine Fr\u00f4t\u00e9","isPartOf":{"@id":"https:\/\/frote.ch\/#website"},"datePublished":"2020-09-29T07:40:52+00:00","dateModified":"2022-06-08T12:34:00+00:00","description":"Au domaine Fr\u00f4t\u00e9, d\u00e9couvrez une nature particuli\u00e8re sise aux pieds du parc naturel r\u00e9gional du Chasseral.","breadcrumb":{"@id":"https:\/\/frote.ch\/la-garide\/#breadcrumb"},"inLanguage":"de-CH","potentialAction":[{"@type":"ReadAction","target":["https:\/\/frote.ch\/la-garide\/"]}]},{"@type":"BreadcrumbList","@id":"https:\/\/frote.ch\/la-garide\/#breadcrumb","itemListElement":[{"@type":"ListItem","position":1,"name":"Accueil","item":"https:\/\/frote.ch\/"},{"@type":"ListItem","position":2,"name":"La Garide"}]},{"@type":"WebSite","@id":"https:\/\/frote.ch\/#website","url":"https:\/\/frote.ch\/","name":"Domaine Fr\u00f4t\u00e9","description":"","publisher":{"@id":"https:\/\/frote.ch\/#organization"},"potentialAction":[{"@type":"SearchAction","target":{"@type":"EntryPoint","urlTemplate":"https:\/\/frote.ch\/?s={search_term_string}"},"query-input":{"@type":"PropertyValueSpecification","valueRequired":true,"valueName":"search_term_string"}}],"inLanguage":"de-CH"},{"@type":"Organization","@id":"https:\/\/frote.ch\/#organization","name":"Domaine Fr\u00f4t\u00e9","url":"https:\/\/frote.ch\/","logo":{"@type":"ImageObject","inLanguage":"de-CH","@id":"https:\/\/frote.ch\/#\/schema\/logo\/image\/","url":"https:\/\/frote.ch\/wp-content\/uploads\/2020\/12\/logo_190_211.png","contentUrl":"https:\/\/frote.ch\/wp-content\/uploads\/2020\/12\/logo_190_211.png","width":190,"height":211,"caption":"Domaine Fr\u00f4t\u00e9"},"image":{"@id":"https:\/\/frote.ch\/#\/schema\/logo\/image\/"},"sameAs":["https:\/\/www.youtube.com\/channel\/UCvOaQ6GZie5jiaea7SM7KWA"]}]}},"_links":{"self":[{"href":"https:\/\/frote.ch\/de\/wp-json\/wp\/v2\/pages\/3356","targetHints":{"allow":["GET"]}}],"collection":[{"href":"https:\/\/frote.ch\/de\/wp-json\/wp\/v2\/pages"}],"about":[{"href":"https:\/\/frote.ch\/de\/wp-json\/wp\/v2\/types\/page"}],"author":[{"embeddable":true,"href":"https:\/\/frote.ch\/de\/wp-json\/wp\/v2\/users\/1"}],"replies":[{"embeddable":true,"href":"https:\/\/frote.ch\/de\/wp-json\/wp\/v2\/comments?post=3356"}],"version-history":[{"count":30,"href":"https:\/\/frote.ch\/de\/wp-json\/wp\/v2\/pages\/3356\/revisions"}],"predecessor-version":[{"id":4425,"href":"https:\/\/frote.ch\/de\/wp-json\/wp\/v2\/pages\/3356\/revisions\/4425"}],"wp:attachment":[{"href":"https:\/\/frote.ch\/de\/wp-json\/wp\/v2\/media?parent=3356"}],"curies":[{"name":"wp","href":"https:\/\/api.w.org\/{rel}","templated":true}]}}