{"id":3506,"date":"2020-09-29T15:01:24","date_gmt":"2020-09-29T13:01:24","guid":{"rendered":"https:\/\/frote-staging.arcantel.ch\/?page_id=3506"},"modified":"2022-06-08T14:30:51","modified_gmt":"2022-06-08T12:30:51","slug":"nos-vins","status":"publish","type":"page","link":"https:\/\/frote.ch\/de\/nos-vins\/","title":{"rendered":"Unsere Weine"},"content":{"rendered":"<div data-vc-full-width=\"true\" data-vc-full-width-init=\"false\" class=\"vc_row wpb_row vc_row-fluid pt-5\"><div class=\"wpb_column vc_column_container vc_col-sm-1\"><div class=\"vc_column-inner\"><div class=\"wpb_wrapper\"><\/div><\/div><\/div><div class=\"wpb_column vc_column_container vc_col-sm-10\"><div class=\"vc_column-inner\"><div class=\"wpb_wrapper\">\n\t<div class=\"title-subtitle-box\" style=\" text-align: center;\">\n\t\t<h2 style=\" font-style: normal;\" class=\"special-title\" >Die Weine des Guts<\/h2>\n\t<\/div> \n\t<div class=\"wpb_text_column wpb_content_element  font-130\" >\n\t\t<div class=\"wpb_wrapper\">\n\t\t\t<p style=\"text-align: center;\"><em>Drei identit\u00e4tsstiftende Weine repr\u00e4sentieren das Angebot unseres Hauses:der exklusive wei\u00dfe Chardonnay mit seinen vielschichtigen Aromen, der von Eleganz und Finesse gepr\u00e4gte Pinot Noir oder Blauburgunder, und schlie\u00dflich unser Ros\u00e9, eine Ode an die Garide.<\/em><\/p>\n\n\t\t<\/div>\n\t<\/div>\n<\/div><\/div><\/div><div class=\"wpb_column vc_column_container vc_col-sm-1\"><div class=\"vc_column-inner\"><div class=\"wpb_wrapper\"><\/div><\/div><\/div><\/div><div class=\"vc_row-full-width vc_clearfix\"><\/div><div class=\"vc_row wpb_row vc_row-fluid our-wines\"><div class=\"wpb_column vc_column_container vc_col-sm-12\"><div class=\"vc_column-inner\"><div class=\"wpb_wrapper\"><div class=\"woocommerce columns-2\"><ul class=\"products columns-2\">\n<li class=\"has_thumb product type-product post-3455 status-publish first instock product_cat-uncategorized has-post-thumbnail featured purchasable product-type-variable\">\n\t<div class=\"product-image-wrap\"><a href=\"https:\/\/frote.ch\/de\/nos-vins\/chardonnay\/\" class=\"woocommerce-LoopProduct-link woocommerce-loop-product__link\"><img loading=\"lazy\" decoding=\"async\" width=\"1386\" height=\"2000\" src=\"https:\/\/frote.ch\/wp-content\/uploads\/2020\/12\/btlle_chardonnay_domaine_Frote.png\" class=\"attachment-woocommerce_thumbnail size-woocommerce_thumbnail\" alt=\"Chardonnay\" srcset=\"https:\/\/frote.ch\/wp-content\/uploads\/2020\/12\/btlle_chardonnay_domaine_Frote.png 1386w, https:\/\/frote.ch\/wp-content\/uploads\/2020\/12\/btlle_chardonnay_domaine_Frote-208x300.png 208w, https:\/\/frote.ch\/wp-content\/uploads\/2020\/12\/btlle_chardonnay_domaine_Frote-710x1024.png 710w, https:\/\/frote.ch\/wp-content\/uploads\/2020\/12\/btlle_chardonnay_domaine_Frote-768x1108.png 768w, https:\/\/frote.ch\/wp-content\/uploads\/2020\/12\/btlle_chardonnay_domaine_Frote-1064x1536.png 1064w\" sizes=\"auto, (max-width: 1386px) 100vw, 1386px\" \/><\/a><a href=\"https:\/\/frote.ch\/de\/nos-vins\/chardonnay\/\" aria-describedby=\"woocommerce_loop_add_to_cart_link_describedby_3455\" data-quantity=\"1\" class=\"button product_type_variable add_to_cart_button\" data-product_id=\"3455\" data-product_sku=\"\" aria-label=\"W\u00e4hlen Sie die Optionen f\u00fcr \u00abChardonnay\u00bb\" rel=\"nofollow\" data-no-translation=\"\" data-trp-gettext=\"\" data-no-translation-aria-label=\"\">Ausf\u00fchrung w\u00e4hlen<\/a>\t<span id=\"woocommerce_loop_add_to_cart_link_describedby_3455\" class=\"screen-reader-text\">\n\t\tDieses Produkt weist mehrere Varianten auf. Die Optionen k\u00f6nnen auf der Produktseite gew\u00e4hlt werden\t<\/span>\n<\/div><div class=\"product-meta-wrap\"><h2 class=\"woocommerce-loop-product__title\"><a href=\"https:\/\/frote.ch\/de\/nos-vins\/chardonnay\/\">Chardonnay<\/a><\/h2>\n\t<span class=\"price\">Ab <span class=\"woocommerce-Price-amount amount\"><bdi><span class=\"woocommerce-Price-currencySymbol\">&#67;&#72;&#70;<\/span>44.00<\/bdi><\/span> pro Flasche<\/span>\n<\/div><\/li>\n<li class=\"has_thumb product type-product post-3472 status-publish last instock product_cat-uncategorized has-post-thumbnail featured purchasable product-type-variable\">\n\t<div class=\"product-image-wrap\"><a href=\"https:\/\/frote.ch\/de\/nos-vins\/chardonnay-o\/\" class=\"woocommerce-LoopProduct-link woocommerce-loop-product__link\"><img loading=\"lazy\" decoding=\"async\" width=\"1386\" height=\"2000\" src=\"https:\/\/frote.ch\/wp-content\/uploads\/2020\/12\/btlle_O_domaine_Frote.png\" class=\"attachment-woocommerce_thumbnail size-woocommerce_thumbnail\" alt=\"\u00d4\" srcset=\"https:\/\/frote.ch\/wp-content\/uploads\/2020\/12\/btlle_O_domaine_Frote.png 1386w, https:\/\/frote.ch\/wp-content\/uploads\/2020\/12\/btlle_O_domaine_Frote-208x300.png 208w, https:\/\/frote.ch\/wp-content\/uploads\/2020\/12\/btlle_O_domaine_Frote-710x1024.png 710w, https:\/\/frote.ch\/wp-content\/uploads\/2020\/12\/btlle_O_domaine_Frote-768x1108.png 768w, https:\/\/frote.ch\/wp-content\/uploads\/2020\/12\/btlle_O_domaine_Frote-1064x1536.png 1064w\" sizes=\"auto, (max-width: 1386px) 100vw, 1386px\" \/><\/a><a href=\"https:\/\/frote.ch\/de\/nos-vins\/chardonnay-o\/\" aria-describedby=\"woocommerce_loop_add_to_cart_link_describedby_3472\" data-quantity=\"1\" class=\"button product_type_variable add_to_cart_button\" data-product_id=\"3472\" data-product_sku=\"\" aria-label=\"W\u00e4hlen Sie die Optionen f\u00fcr \u00abChardonnay \u00d4\u00bb\" rel=\"nofollow\" data-no-translation=\"\" data-trp-gettext=\"\" data-no-translation-aria-label=\"\">Ausf\u00fchrung w\u00e4hlen<\/a>\t<span id=\"woocommerce_loop_add_to_cart_link_describedby_3472\" class=\"screen-reader-text\">\n\t\tDieses Produkt weist mehrere Varianten auf. Die Optionen k\u00f6nnen auf der Produktseite gew\u00e4hlt werden\t<\/span>\n<\/div><div class=\"product-meta-wrap\"><h2 class=\"woocommerce-loop-product__title\"><a href=\"https:\/\/frote.ch\/de\/nos-vins\/chardonnay-o\/\">Chardonnay \u00d4<\/a><\/h2>\n\t<span class=\"price\">Ab <span class=\"woocommerce-Price-amount amount\"><bdi><span class=\"woocommerce-Price-currencySymbol\">&#67;&#72;&#70;<\/span>65.00<\/bdi><\/span> pro Flasche<\/span>\n<\/div><\/li>\n<li class=\"has_thumb product type-product post-3482 status-publish first instock product_cat-uncategorized has-post-thumbnail featured purchasable product-type-variable\">\n\t<div class=\"product-image-wrap\"><a href=\"https:\/\/frote.ch\/de\/nos-vins\/pinot-noir\/\" class=\"woocommerce-LoopProduct-link woocommerce-loop-product__link\"><img loading=\"lazy\" decoding=\"async\" width=\"1386\" height=\"2000\" src=\"https:\/\/frote.ch\/wp-content\/uploads\/2020\/12\/btlle_pinot_domaine_Frote.png\" class=\"attachment-woocommerce_thumbnail size-woocommerce_thumbnail\" alt=\"Pinot noir\" srcset=\"https:\/\/frote.ch\/wp-content\/uploads\/2020\/12\/btlle_pinot_domaine_Frote.png 1386w, https:\/\/frote.ch\/wp-content\/uploads\/2020\/12\/btlle_pinot_domaine_Frote-208x300.png 208w, https:\/\/frote.ch\/wp-content\/uploads\/2020\/12\/btlle_pinot_domaine_Frote-710x1024.png 710w, https:\/\/frote.ch\/wp-content\/uploads\/2020\/12\/btlle_pinot_domaine_Frote-768x1108.png 768w, https:\/\/frote.ch\/wp-content\/uploads\/2020\/12\/btlle_pinot_domaine_Frote-1064x1536.png 1064w\" sizes=\"auto, (max-width: 1386px) 100vw, 1386px\" \/><\/a><a href=\"https:\/\/frote.ch\/de\/nos-vins\/pinot-noir\/\" aria-describedby=\"woocommerce_loop_add_to_cart_link_describedby_3482\" data-quantity=\"1\" class=\"button product_type_variable add_to_cart_button\" data-product_id=\"3482\" data-product_sku=\"\" aria-label=\"W\u00e4hlen Sie die Optionen f\u00fcr \u00abPinot Noir\u00bb\" rel=\"nofollow\" data-no-translation=\"\" data-trp-gettext=\"\" data-no-translation-aria-label=\"\">Ausf\u00fchrung w\u00e4hlen<\/a>\t<span id=\"woocommerce_loop_add_to_cart_link_describedby_3482\" class=\"screen-reader-text\">\n\t\tDieses Produkt weist mehrere Varianten auf. Die Optionen k\u00f6nnen auf der Produktseite gew\u00e4hlt werden\t<\/span>\n<\/div><div class=\"product-meta-wrap\"><h2 class=\"woocommerce-loop-product__title\"><a href=\"https:\/\/frote.ch\/de\/nos-vins\/pinot-noir\/\">Pinot Noir<\/a><\/h2>\n\t<span class=\"price\">Ab <span class=\"woocommerce-Price-amount amount\"><bdi><span class=\"woocommerce-Price-currencySymbol\">&#67;&#72;&#70;<\/span>52.00<\/bdi><\/span> pro Flasche<\/span>\n<\/div><\/li>\n<li class=\"has_thumb product type-product post-3789 status-publish last instock product_cat-uncategorized has-post-thumbnail featured purchasable product-type-variable\">\n\t<div class=\"product-image-wrap\"><a href=\"https:\/\/frote.ch\/de\/nos-vins\/rose-de-garide\/\" class=\"woocommerce-LoopProduct-link woocommerce-loop-product__link\"><img loading=\"lazy\" decoding=\"async\" width=\"1386\" height=\"2000\" src=\"https:\/\/frote.ch\/wp-content\/uploads\/2021\/07\/btlle_rose_new.png\" class=\"attachment-woocommerce_thumbnail size-woocommerce_thumbnail\" alt=\"Rose de Garide\" srcset=\"https:\/\/frote.ch\/wp-content\/uploads\/2021\/07\/btlle_rose_new.png 1386w, https:\/\/frote.ch\/wp-content\/uploads\/2021\/07\/btlle_rose_new-208x300.png 208w, https:\/\/frote.ch\/wp-content\/uploads\/2021\/07\/btlle_rose_new-710x1024.png 710w, https:\/\/frote.ch\/wp-content\/uploads\/2021\/07\/btlle_rose_new-768x1108.png 768w, https:\/\/frote.ch\/wp-content\/uploads\/2021\/07\/btlle_rose_new-1064x1536.png 1064w, https:\/\/frote.ch\/wp-content\/uploads\/2021\/07\/btlle_rose_new-1320x1905.png 1320w\" sizes=\"auto, (max-width: 1386px) 100vw, 1386px\" \/><\/a><a href=\"https:\/\/frote.ch\/de\/nos-vins\/rose-de-garide\/\" aria-describedby=\"woocommerce_loop_add_to_cart_link_describedby_3789\" data-quantity=\"1\" class=\"button product_type_variable add_to_cart_button\" data-product_id=\"3789\" data-product_sku=\"\" aria-label=\"W\u00e4hlen Sie die Optionen f\u00fcr \u00abRose de Garide\u00bb\" rel=\"nofollow\" data-no-translation=\"\" data-trp-gettext=\"\" data-no-translation-aria-label=\"\">Ausf\u00fchrung w\u00e4hlen<\/a>\t<span id=\"woocommerce_loop_add_to_cart_link_describedby_3789\" class=\"screen-reader-text\">\n\t\tDieses Produkt weist mehrere Varianten auf. Die Optionen k\u00f6nnen auf der Produktseite gew\u00e4hlt werden\t<\/span>\n<\/div><div class=\"product-meta-wrap\"><h2 class=\"woocommerce-loop-product__title\"><a href=\"https:\/\/frote.ch\/de\/nos-vins\/rose-de-garide\/\">Rose de Garide<\/a><\/h2>\n\t<span class=\"price\">Ab <span class=\"woocommerce-Price-amount amount\"><bdi><span class=\"woocommerce-Price-currencySymbol\">&#67;&#72;&#70;<\/span>23.00<\/bdi><\/span> pro Flasche<\/span>\n<\/div><\/li>\n<\/ul>\n<\/div><\/div><\/div><\/div><\/div><div data-vc-full-width=\"true\" data-vc-full-width-init=\"false\" class=\"vc_row wpb_row vc_row-fluid contact-et-degustations\"><div class=\"wpb_column vc_column_container vc_col-sm-2\"><div class=\"vc_column-inner\"><div class=\"wpb_wrapper\"><\/div><\/div><\/div><div class=\"wpb_column vc_column_container vc_col-sm-3\"><div class=\"vc_column-inner\"><div class=\"wpb_wrapper\">\n\t<div class=\"wpb_text_column wpb_content_element\" >\n\t\t<div class=\"wpb_wrapper\">\n\t\t\t<p style=\"text-align: center;\"><strong>KONTAKT<\/strong><\/p>\n<p style=\"text-align: center;\">Domaine Fr\u00f4t\u00e9 SA<br \/>\nCase Postale 438<br \/>\n2520 La Neuveville<\/p>\n<p style=\"text-align: center;\"><a href=\"tel:0041792985150\">+41 (0)79 298 51 50<\/a><br \/>\n<a href=\"mailto:info@frote.ch\">info@frote.ch<\/a><\/p>\n\n\t\t<\/div>\n\t<\/div>\n<\/div><\/div><\/div><div class=\"wpb_column vc_column_container vc_col-sm-2\"><div class=\"vc_column-inner\"><div class=\"wpb_wrapper\">\n\t<div class=\"wpb_text_column wpb_content_element\" >\n\t\t<div class=\"wpb_wrapper\">\n\t\t\t<p style=\"text-align: center;\"><strong>NEWSLETTER<\/strong><\/p>\n<p style=\"text-align: center;\" class=\"translation-block\"><a href=\"https:\/\/frote.ch\/de\/newsletter\/\" target=\"_self\">Abonnieren Sie sich<\/a>, damit Sie die Informationen unseres Weinguts regelm\u00e4\u00dfig erhalten.<\/p>\n\n\t\t<\/div>\n\t<\/div>\n<\/div><\/div><\/div><div class=\"wpb_column vc_column_container vc_col-sm-3\"><div class=\"vc_column-inner\"><div class=\"wpb_wrapper\">\n\t<div class=\"wpb_text_column wpb_content_element\" >\n\t\t<div class=\"wpb_wrapper\">\n\t\t\t<p style=\"text-align: center;\"><strong>DEGUSTATIONEN<\/strong><\/p>\n<p style=\"text-align: center;\" class=\"translation-block\">Auf Vereinbarung:<br>Auberson &amp; Fils SA<br>\nChemin du Tirage 25<br>\n2520 La Neuveville<\/p>\n<p style=\"text-align: center;\"><a href=\"tel:0041327511830\">+41 (0)32 751 18 30<\/a><br \/>\n<a href=\"mailto:info@auberson-et-fils.ch\">info@auberson-et-fils.ch<\/a><\/p>\n\n\t\t<\/div>\n\t<\/div>\n<\/div><\/div><\/div><div class=\"wpb_column vc_column_container vc_col-sm-2\"><div class=\"vc_column-inner\"><div class=\"wpb_wrapper\"><\/div><\/div><\/div><\/div><div class=\"vc_row-full-width vc_clearfix\"><\/div>","protected":false},"excerpt":{"rendered":"Les vins du Domaine Trois c\u00e9pages identitaires repr\u00e9sentent les vins de notre Maison. Le Chardonnay, ce c\u00e9page exclusif aux allures raffin\u00e9es et aux ar\u00f4mes complexes, le Pinot Noir empreint d\u2019\u00e9l\u00e9gance et de finesse et, finalement, le Ros\u00e9 ode \u00e0 la garide. Ausf\u00fchrung w\u00e4hlen Dieses Produkt weist mehrere Varianten auf. Die Optionen k\u00f6nnen auf<p class=\"more-link-wrapper\"><a class=\"read-more special-hover right_horizontal_line_effect\" href=\"https:\/\/frote.ch\/de\/nos-vins\/\">Read More<\/a><\/p>","protected":false},"author":1,"featured_media":0,"parent":0,"menu_order":0,"comment_status":"closed","ping_status":"closed","template":"","meta":{"footnotes":""},"class_list":["post-3506","page","type-page","status-publish","hentry"],"yoast_head":"<!-- This site is optimized with the Yoast SEO plugin v26.0 - https:\/\/yoast.com\/wordpress\/plugins\/seo\/ -->\n<title>Chardonnay, \u00d4, Pinot Noir et Ros\u00e9 \/ acheter en ligne \/ Domaine Fr\u00f4t\u00e9<\/title>\n<meta name=\"description\" content=\"Une production limit\u00e9e de mill\u00e9simes et c\u00e9pages d\u2019exception vieillis en f\u00fbts de ch\u00eane avec l\u2019appellation AOC.\" \/>\n<meta name=\"robots\" content=\"index, follow, max-snippet:-1, max-image-preview:large, max-video-preview:-1\" \/>\n<link rel=\"canonical\" href=\"https:\/\/frote.ch\/de\/nos-vins\/\" \/>\n<meta property=\"og:locale\" content=\"de_DE\" \/>\n<meta property=\"og:type\" content=\"article\" \/>\n<meta property=\"og:title\" content=\"Chardonnay, \u00d4, Pinot Noir et Ros\u00e9 \/ acheter en ligne \/ Domaine Fr\u00f4t\u00e9\" \/>\n<meta property=\"og:description\" content=\"Une production limit\u00e9e de mill\u00e9simes et c\u00e9pages d\u2019exception vieillis en f\u00fbts de ch\u00eane avec l\u2019appellation AOC.\" \/>\n<meta property=\"og:url\" content=\"https:\/\/frote.ch\/de\/nos-vins\/\" \/>\n<meta property=\"og:site_name\" content=\"Domaine Fr\u00f4t\u00e9\" \/>\n<meta property=\"article:modified_time\" content=\"2022-06-08T12:30:51+00:00\" \/>\n<meta name=\"twitter:card\" content=\"summary_large_image\" \/>\n<meta name=\"twitter:label1\" content=\"Gesch\u00e4tzte Lesezeit\" \/>\n\t<meta name=\"twitter:data1\" content=\"1\u00a0Minute\" \/>\n<script type=\"application\/ld+json\" class=\"yoast-schema-graph\">{\"@context\":\"https:\/\/schema.org\",\"@graph\":[{\"@type\":\"WebPage\",\"@id\":\"https:\/\/frote.ch\/nos-vins\/\",\"url\":\"https:\/\/frote.ch\/nos-vins\/\",\"name\":\"Chardonnay, \u00d4, Pinot Noir et Ros\u00e9 \/ acheter en ligne \/ Domaine Fr\u00f4t\u00e9\",\"isPartOf\":{\"@id\":\"https:\/\/frote.ch\/#website\"},\"datePublished\":\"2020-09-29T13:01:24+00:00\",\"dateModified\":\"2022-06-08T12:30:51+00:00\",\"description\":\"Une production limit\u00e9e de mill\u00e9simes et c\u00e9pages d\u2019exception vieillis en f\u00fbts de ch\u00eane avec l\u2019appellation AOC.\",\"breadcrumb\":{\"@id\":\"https:\/\/frote.ch\/nos-vins\/#breadcrumb\"},\"inLanguage\":\"de-CH\",\"potentialAction\":[{\"@type\":\"ReadAction\",\"target\":[\"https:\/\/frote.ch\/nos-vins\/\"]}]},{\"@type\":\"BreadcrumbList\",\"@id\":\"https:\/\/frote.ch\/nos-vins\/#breadcrumb\",\"itemListElement\":[{\"@type\":\"ListItem\",\"position\":1,\"name\":\"Accueil\",\"item\":\"https:\/\/frote.ch\/\"},{\"@type\":\"ListItem\",\"position\":2,\"name\":\"Nos vins\"}]},{\"@type\":\"WebSite\",\"@id\":\"https:\/\/frote.ch\/#website\",\"url\":\"https:\/\/frote.ch\/\",\"name\":\"Domaine Fr\u00f4t\u00e9\",\"description\":\"\",\"publisher\":{\"@id\":\"https:\/\/frote.ch\/#organization\"},\"potentialAction\":[{\"@type\":\"SearchAction\",\"target\":{\"@type\":\"EntryPoint\",\"urlTemplate\":\"https:\/\/frote.ch\/?s={search_term_string}\"},\"query-input\":{\"@type\":\"PropertyValueSpecification\",\"valueRequired\":true,\"valueName\":\"search_term_string\"}}],\"inLanguage\":\"de-CH\"},{\"@type\":\"Organization\",\"@id\":\"https:\/\/frote.ch\/#organization\",\"name\":\"Domaine Fr\u00f4t\u00e9\",\"url\":\"https:\/\/frote.ch\/\",\"logo\":{\"@type\":\"ImageObject\",\"inLanguage\":\"de-CH\",\"@id\":\"https:\/\/frote.ch\/#\/schema\/logo\/image\/\",\"url\":\"https:\/\/frote.ch\/wp-content\/uploads\/2020\/12\/logo_190_211.png\",\"contentUrl\":\"https:\/\/frote.ch\/wp-content\/uploads\/2020\/12\/logo_190_211.png\",\"width\":190,\"height\":211,\"caption\":\"Domaine Fr\u00f4t\u00e9\"},\"image\":{\"@id\":\"https:\/\/frote.ch\/#\/schema\/logo\/image\/\"},\"sameAs\":[\"https:\/\/www.youtube.com\/channel\/UCvOaQ6GZie5jiaea7SM7KWA\"]}]}<\/script>\n<!-- \/ Yoast SEO plugin. -->","yoast_head_json":{"title":"Chardonnay, \u00d4, Pinot Noir et Ros\u00e9 \/ acheter en ligne \/ Domaine Fr\u00f4t\u00e9","description":"Une production limit\u00e9e de mill\u00e9simes et c\u00e9pages d\u2019exception vieillis en f\u00fbts de ch\u00eane avec l\u2019appellation AOC.","robots":{"index":"index","follow":"follow","max-snippet":"max-snippet:-1","max-image-preview":"max-image-preview:large","max-video-preview":"max-video-preview:-1"},"canonical":"https:\/\/frote.ch\/de\/nos-vins\/","og_locale":"de_DE","og_type":"article","og_title":"Chardonnay, \u00d4, Pinot Noir et Ros\u00e9 \/ acheter en ligne \/ Domaine Fr\u00f4t\u00e9","og_description":"Une production limit\u00e9e de mill\u00e9simes et c\u00e9pages d\u2019exception vieillis en f\u00fbts de ch\u00eane avec l\u2019appellation AOC.","og_url":"https:\/\/frote.ch\/de\/nos-vins\/","og_site_name":"Domaine Fr\u00f4t\u00e9","article_modified_time":"2022-06-08T12:30:51+00:00","twitter_card":"summary_large_image","twitter_misc":{"Gesch\u00e4tzte Lesezeit":"1\u00a0Minute"},"schema":{"@context":"https:\/\/schema.org","@graph":[{"@type":"WebPage","@id":"https:\/\/frote.ch\/nos-vins\/","url":"https:\/\/frote.ch\/nos-vins\/","name":"Chardonnay, \u00d4, Pinot Noir et Ros\u00e9 \/ acheter en ligne \/ Domaine Fr\u00f4t\u00e9","isPartOf":{"@id":"https:\/\/frote.ch\/#website"},"datePublished":"2020-09-29T13:01:24+00:00","dateModified":"2022-06-08T12:30:51+00:00","description":"Une production limit\u00e9e de mill\u00e9simes et c\u00e9pages d\u2019exception vieillis en f\u00fbts de ch\u00eane avec l\u2019appellation AOC.","breadcrumb":{"@id":"https:\/\/frote.ch\/nos-vins\/#breadcrumb"},"inLanguage":"de-CH","potentialAction":[{"@type":"ReadAction","target":["https:\/\/frote.ch\/nos-vins\/"]}]},{"@type":"BreadcrumbList","@id":"https:\/\/frote.ch\/nos-vins\/#breadcrumb","itemListElement":[{"@type":"ListItem","position":1,"name":"Accueil","item":"https:\/\/frote.ch\/"},{"@type":"ListItem","position":2,"name":"Nos vins"}]},{"@type":"WebSite","@id":"https:\/\/frote.ch\/#website","url":"https:\/\/frote.ch\/","name":"Domaine Fr\u00f4t\u00e9","description":"","publisher":{"@id":"https:\/\/frote.ch\/#organization"},"potentialAction":[{"@type":"SearchAction","target":{"@type":"EntryPoint","urlTemplate":"https:\/\/frote.ch\/?s={search_term_string}"},"query-input":{"@type":"PropertyValueSpecification","valueRequired":true,"valueName":"search_term_string"}}],"inLanguage":"de-CH"},{"@type":"Organization","@id":"https:\/\/frote.ch\/#organization","name":"Domaine Fr\u00f4t\u00e9","url":"https:\/\/frote.ch\/","logo":{"@type":"ImageObject","inLanguage":"de-CH","@id":"https:\/\/frote.ch\/#\/schema\/logo\/image\/","url":"https:\/\/frote.ch\/wp-content\/uploads\/2020\/12\/logo_190_211.png","contentUrl":"https:\/\/frote.ch\/wp-content\/uploads\/2020\/12\/logo_190_211.png","width":190,"height":211,"caption":"Domaine Fr\u00f4t\u00e9"},"image":{"@id":"https:\/\/frote.ch\/#\/schema\/logo\/image\/"},"sameAs":["https:\/\/www.youtube.com\/channel\/UCvOaQ6GZie5jiaea7SM7KWA"]}]}},"_links":{"self":[{"href":"https:\/\/frote.ch\/de\/wp-json\/wp\/v2\/pages\/3506","targetHints":{"allow":["GET"]}}],"collection":[{"href":"https:\/\/frote.ch\/de\/wp-json\/wp\/v2\/pages"}],"about":[{"href":"https:\/\/frote.ch\/de\/wp-json\/wp\/v2\/types\/page"}],"author":[{"embeddable":true,"href":"https:\/\/frote.ch\/de\/wp-json\/wp\/v2\/users\/1"}],"replies":[{"embeddable":true,"href":"https:\/\/frote.ch\/de\/wp-json\/wp\/v2\/comments?post=3506"}],"version-history":[{"count":11,"href":"https:\/\/frote.ch\/de\/wp-json\/wp\/v2\/pages\/3506\/revisions"}],"predecessor-version":[{"id":4264,"href":"https:\/\/frote.ch\/de\/wp-json\/wp\/v2\/pages\/3506\/revisions\/4264"}],"wp:attachment":[{"href":"https:\/\/frote.ch\/de\/wp-json\/wp\/v2\/media?parent=3506"}],"curies":[{"name":"wp","href":"https:\/\/api.w.org\/{rel}","templated":true}]}}