{"id":3472,"date":"2020-09-29T13:55:52","date_gmt":"2020-09-29T11:55:52","guid":{"rendered":"https:\/\/frote-staging.arcantel.ch\/?post_type=product&#038;p=3472"},"modified":"2025-06-08T12:51:33","modified_gmt":"2025-06-08T10:51:33","slug":"chardonnay-o","status":"publish","type":"product","link":"https:\/\/frote.ch\/de\/nos-vins\/chardonnay-o\/","title":{"rendered":"Chardonnay \u00d4"},"content":{"rendered":"<div data-vc-full-width=\"true\" data-vc-full-width-init=\"false\" data-vc-stretch-content=\"true\" class=\"vc_row wpb_row vc_row-fluid mb-0 vc_row-no-padding\"><div class=\"wpb_column vc_column_container vc_col-sm-12\"><div class=\"vc_column-inner\"><div class=\"wpb_wrapper\">\n\t<div  class=\"wpb_single_image wpb_content_element vc_align_center   mb-0\">\n\t\t\n\t\t<figure class=\"wpb_wrapper vc_figure\">\n\t\t\t<div class=\"vc_single_image-wrapper   vc_box_border_grey\"><img loading=\"lazy\" decoding=\"async\" width=\"3636\" height=\"1830\" src=\"https:\/\/frote.ch\/wp-content\/uploads\/2020\/09\/produit_chadonay_o_1.png\" class=\"vc_single_image-img attachment-full\" alt=\"\" srcset=\"https:\/\/frote.ch\/wp-content\/uploads\/2020\/09\/produit_chadonay_o_1.png 3636w, https:\/\/frote.ch\/wp-content\/uploads\/2020\/09\/produit_chadonay_o_1-300x151.png 300w, https:\/\/frote.ch\/wp-content\/uploads\/2020\/09\/produit_chadonay_o_1-1024x515.png 1024w, https:\/\/frote.ch\/wp-content\/uploads\/2020\/09\/produit_chadonay_o_1-768x387.png 768w, https:\/\/frote.ch\/wp-content\/uploads\/2020\/09\/produit_chadonay_o_1-1536x773.png 1536w, https:\/\/frote.ch\/wp-content\/uploads\/2020\/09\/produit_chadonay_o_1-2048x1031.png 2048w\" sizes=\"auto, (max-width: 3636px) 100vw, 3636px\" \/><\/div>\n\t\t<\/figure>\n\t<\/div>\n<\/div><\/div><\/div><\/div><div class=\"vc_row-full-width vc_clearfix\"><\/div><div class=\"vc_row wpb_row vc_row-fluid mb-0 pt-5 did-you-know\"><div class=\"wpb_column vc_column_container vc_col-sm-12\"><div class=\"vc_column-inner\"><div class=\"wpb_wrapper\">\n\t<div class=\"title-subtitle-box\" style=\" text-align: center;\">\n\t\t<h2 style=\" font-style: normal;\" class=\"special-title\" >\n\t\t<span style=\" color:#00822f; \">Wussten sie das?<\/span>\u00d4<\/h2>\n\t<\/div> <\/div><\/div><\/div><\/div><div class=\"vc_row wpb_row vc_row-fluid mb-0\"><div class=\"wpb_column vc_column_container vc_col-sm-1\"><div class=\"vc_column-inner\"><div class=\"wpb_wrapper\"><\/div><\/div><\/div><div class=\"wpb_column vc_column_container vc_col-sm-10\"><div class=\"vc_column-inner\"><div class=\"wpb_wrapper\">\n\t<div class=\"wpb_text_column wpb_content_element  font-130\" >\n\t\t<div class=\"wpb_wrapper\">\n\t\t\t<p style=\"text-align: center;\" class=\"translation-block\"><em>Unser Ausnahme-Chardonnay, der \u00d4, ist eine Rarit\u00e4t.<br>Dieses Produkt k\u00f6nnen wir nur in Spitzenjahrg\u00e4ngen anbieten, die allen Superlativen gen\u00fcgen.<\/em><\/p>\n\n\t\t<\/div>\n\t<\/div>\n<\/div><\/div><\/div><div class=\"wpb_column vc_column_container vc_col-sm-1\"><div class=\"vc_column-inner\"><div class=\"wpb_wrapper\"><\/div><\/div><\/div><\/div><div data-vc-full-width=\"true\" data-vc-full-width-init=\"false\" data-vc-stretch-content=\"true\" class=\"vc_row wpb_row vc_row-fluid mb-0 vc_row-no-padding\"><div class=\"wpb_column vc_column_container vc_col-sm-12\"><div class=\"vc_column-inner\"><div class=\"wpb_wrapper\">\n\t<div  class=\"wpb_single_image wpb_content_element vc_align_center   mb-0\">\n\t\t\n\t\t<figure class=\"wpb_wrapper vc_figure\">\n\t\t\t<div class=\"vc_single_image-wrapper   vc_box_border_grey\"><img loading=\"lazy\" decoding=\"async\" width=\"3629\" height=\"1782\" src=\"https:\/\/frote.ch\/wp-content\/uploads\/2020\/09\/produit_chadonay_o_2.png\" class=\"vc_single_image-img attachment-full\" alt=\"\" srcset=\"https:\/\/frote.ch\/wp-content\/uploads\/2020\/09\/produit_chadonay_o_2.png 3629w, https:\/\/frote.ch\/wp-content\/uploads\/2020\/09\/produit_chadonay_o_2-300x147.png 300w, https:\/\/frote.ch\/wp-content\/uploads\/2020\/09\/produit_chadonay_o_2-1024x503.png 1024w, https:\/\/frote.ch\/wp-content\/uploads\/2020\/09\/produit_chadonay_o_2-768x377.png 768w, https:\/\/frote.ch\/wp-content\/uploads\/2020\/09\/produit_chadonay_o_2-1536x754.png 1536w, https:\/\/frote.ch\/wp-content\/uploads\/2020\/09\/produit_chadonay_o_2-2048x1006.png 2048w\" sizes=\"auto, (max-width: 3629px) 100vw, 3629px\" \/><\/div>\n\t\t<\/figure>\n\t<\/div>\n<\/div><\/div><\/div><\/div><div class=\"vc_row-full-width vc_clearfix\"><\/div><div class=\"vc_row wpb_row vc_row-fluid mb-0 pt-5 did-you-know\"><div class=\"wpb_column vc_column_container vc_col-sm-12\"><div class=\"vc_column-inner\"><div class=\"wpb_wrapper\">\n\t<div class=\"title-subtitle-box\" style=\" text-align: center;\">\n\t\t<h2 style=\" font-style: normal;\" class=\"special-title\" >\n\t\t<span style=\" color:#00822f; \">Wussten sie das?<\/span>An Gr\u00f6\u00dfe gewinnen<\/h2>\n\t<\/div> <\/div><\/div><\/div><\/div><div class=\"vc_row wpb_row vc_row-fluid mb-0\"><div class=\"wpb_column vc_column_container vc_col-sm-1\"><div class=\"vc_column-inner\"><div class=\"wpb_wrapper\"><\/div><\/div><\/div><div class=\"wpb_column vc_column_container vc_col-sm-10\"><div class=\"vc_column-inner\"><div class=\"wpb_wrapper\">\n\t<div class=\"wpb_text_column wpb_content_element  font-130\" >\n\t\t<div class=\"wpb_wrapper\">\n\t\t\t<p style=\"text-align: center;\"><em>Der \u00d4 wird in einer einzigartigen Flasche mit einem Liter Inhalt angeboten, die Gew\u00e4hr f\u00fcr optimale Reifung leistet und das Trinkvergn\u00fcgen l\u00e4nger dauern l\u00e4sst.<\/em><\/p>\n\n\t\t<\/div>\n\t<\/div>\n<\/div><\/div><\/div><div class=\"wpb_column vc_column_container vc_col-sm-1\"><div class=\"vc_column-inner\"><div class=\"wpb_wrapper\"><\/div><\/div><\/div><\/div><div data-vc-full-width=\"true\" data-vc-full-width-init=\"false\" class=\"vc_row wpb_row vc_row-fluid navigation\"><div class=\"wpb_column vc_column_container vc_col-sm-12\"><div class=\"vc_column-inner\"><div class=\"wpb_wrapper\"><div class=\"vc_separator wpb_content_element vc_separator_align_center vc_sep_width_100 vc_sep_pos_align_center vc_separator_no_text vc_sep_color_grey\" ><span class=\"vc_sep_holder vc_sep_holder_l\"><span  class=\"vc_sep_line\"><\/span><\/span><span class=\"vc_sep_holder vc_sep_holder_r\"><span  class=\"vc_sep_line\"><\/span><\/span>\n<\/div><div class=\"vc_row wpb_row vc_inner vc_row-fluid\"><div class=\"vc_col-xs-4 wpb_column vc_column_container vc_col-sm-4\"><div class=\"vc_column-inner\"><div class=\"wpb_wrapper\">\n\t<div class=\"gg-special-button-wrapper  special-button-align-left special-button-style-btn-secondary\"><a class=\"btn btn-secondary\" href=\"\/de\/nos-vins\/chardonnay\/\" title=\"Chardonnay\" target=\"_self\">Chardonnay<\/a><\/div><\/div><\/div><\/div><div class=\"vc_col-xs-4 wpb_column vc_column_container vc_col-sm-4\"><div class=\"vc_column-inner\"><div class=\"wpb_wrapper\">\n\t<div class=\"gg-special-button-wrapper  special-button-align-center special-button-style-btn-secondary\"><a class=\"btn btn-secondary\" href=\"\/de\/nos-vins\/\" title=\"Unsere Weine\" target=\"_self\">Unsere Weine<\/a><\/div><\/div><\/div><\/div><div class=\"vc_col-xs-4 wpb_column vc_column_container vc_col-sm-4\"><div class=\"vc_column-inner\"><div class=\"wpb_wrapper\">\n\t<div class=\"gg-special-button-wrapper  special-button-align-right special-button-style-btn-secondary\"><a class=\"btn btn-secondary\" href=\"\/de\/nos-vins\/pinot-noir\/\" title=\"Pinot Noir\" target=\"_self\">Pinot Noir<\/a><\/div><\/div><\/div><\/div><\/div><\/div><\/div><\/div><\/div><div class=\"vc_row-full-width vc_clearfix\"><\/div><div data-vc-full-width=\"true\" data-vc-full-width-init=\"false\" class=\"vc_row wpb_row vc_row-fluid contact-et-degustations\"><div class=\"wpb_column vc_column_container vc_col-sm-2\"><div class=\"vc_column-inner\"><div class=\"wpb_wrapper\"><\/div><\/div><\/div><div class=\"wpb_column vc_column_container vc_col-sm-3\"><div class=\"vc_column-inner\"><div class=\"wpb_wrapper\">\n\t<div class=\"wpb_text_column wpb_content_element\" >\n\t\t<div class=\"wpb_wrapper\">\n\t\t\t<p style=\"text-align: center;\"><strong>KONTAKT<\/strong><\/p>\n<p style=\"text-align: center;\">Domaine Fr\u00f4t\u00e9 SA<br \/>\nCase Postale 438<br \/>\n2520 La Neuveville<\/p>\n<p style=\"text-align: center;\"><a href=\"tel:0041792985150\">+41 (0)79 298 51 50<\/a><br \/>\n<a href=\"mailto:info@frote.ch\">info@frote.ch<\/a><\/p>\n\n\t\t<\/div>\n\t<\/div>\n<\/div><\/div><\/div><div class=\"wpb_column vc_column_container vc_col-sm-2\"><div class=\"vc_column-inner\"><div class=\"wpb_wrapper\">\n\t<div class=\"wpb_text_column wpb_content_element\" >\n\t\t<div class=\"wpb_wrapper\">\n\t\t\t<p style=\"text-align: center;\"><strong>NEWSLETTER<\/strong><\/p>\n<p style=\"text-align: center;\" class=\"translation-block\"><a href=\"https:\/\/frote.ch\/de\/newsletter\/\" target=\"_self\">Abonnieren Sie sich<\/a>, damit Sie die Informationen unseres Weinguts regelm\u00e4\u00dfig erhalten.<\/p>\n\n\t\t<\/div>\n\t<\/div>\n<\/div><\/div><\/div><div class=\"wpb_column vc_column_container vc_col-sm-3\"><div class=\"vc_column-inner\"><div class=\"wpb_wrapper\">\n\t<div class=\"wpb_text_column wpb_content_element\" >\n\t\t<div class=\"wpb_wrapper\">\n\t\t\t<p style=\"text-align: center;\"><strong>DEGUSTATIONEN<\/strong><\/p>\n<p style=\"text-align: center;\">Auberson &amp; Fils SA<br \/>\nChemin du Tirage 25<br \/>\n2520 La Neuveville<\/p>\n<p style=\"text-align: center;\"><a href=\"tel:0041327511830\">+41 (0)32 751 18 30<\/a><br \/>\n<a href=\"mailto:info@auberson-et-fils.ch\">info@auberson-et-fils.ch<\/a><\/p>\n\n\t\t<\/div>\n\t<\/div>\n<\/div><\/div><\/div><div class=\"wpb_column vc_column_container vc_col-sm-2\"><div class=\"vc_column-inner\"><div class=\"wpb_wrapper\"><\/div><\/div><\/div><\/div><div class=\"vc_row-full-width vc_clearfix\"><\/div><div class=\"vc_row wpb_row vc_row-fluid popup-recommandations hidden\"><div class=\"wpb_column vc_column_container vc_col-sm-12\"><div class=\"vc_column-inner\"><div class=\"wpb_wrapper\">\n\t<div class=\"wpb_text_column wpb_content_element  inner\" >\n\t\t<div class=\"wpb_wrapper\">\n\t\t\t<h1>Chardonnay \u00d4<\/h1>\n<h2>SERVIERTEMPERATUR<\/h2>\n<p>Im Sommer empfiehlt es sich, diesen Wein mit einer Temperatur um 9\u00b0 C zu servieren, da die Gl\u00e4ser sich schneller erw\u00e4rmen. Im Winter ist eine Serviertemperatur von 11\u00b0 C ideal.<\/p>\n<p>\u00c4ltere Jahrg\u00e4nge (ab etwa 10 Jahren) sch\u00e4tzen hingegen mildere Temperaturen (12\u00ac-14\u00b0 C).<\/p>\n<h2>WANN \u00d6FFNET MAN DIE FLASCHE?<\/h2>\n<p>Idealerweise sollte man die Flaschen eine Stunde vor dem Genuss \u00f6ffnen. Weil das oft schwierig realisierbar ist, kann man den Wein stattdessen dekantieren. Unabh\u00e4ngig von der Rebsorte, bekommt es den meisten jungen Jahrg\u00e4ngen gut, in die Karaffe gegossen zu werden. Dank der dadurch gef\u00f6rderten Sauerstoffzufuhr entfalten sich die Aromen und Geschmacksnoten des Weins besser.<\/p>\n<p>Bei einem \u00e4lteren Jahrgang (ab etwa 10 Jahren) wird empfohlen, den Wein nicht zu dekantieren, um die Risiken der Oxidation zu vermeiden. Da solche Weine gerne sanft behandelt werden, m\u00fcssen wir in jeder Beziehung auf ihre Anspr\u00fcche R\u00fccksicht nehmen. Deshalb gen\u00fcgt es, den Korken eine oder zwei Stunden vor dem Servieren zu ziehen, damit sich der Wein in aller Ruhe entfalten kann.<\/p>\n<h2>PRODUKTGARANTIE<\/h2>\n<p>Angesichts der Qualit\u00e4t der Produkte, die wir unseren Kundinnen und Kunden anbieten, und ausgehend vom Grundsatz, dass wir lagerf\u00e4hige Weine herstellen, garantieren wir zehn Jahre ab ihrem Jahrgang.<\/p>\n<p><a href=\"#fermer\">FENSTER SCHLIESSEN<\/a><\/p>\n\n\t\t<\/div>\n\t<\/div>\n<\/div><\/div><\/div><\/div>","protected":false},"excerpt":{"rendered":"<p>Der Chardonnay erm\u00f6glicht es uns, einen h\u00f6chst eleganten Wein mit subtilen Noten und perfekter Ausgewogenheit anzubieten. In der Tradition der gr\u00f6\u00dften Chardonnays bringt er die typischen Eigenschaften dieser Rebsorte zur Geltung. Er gef\u00e4llt mit seiner goldgelben Robe ebenso wie mit dem pudrig-floralen Duft. Am Gaumen geht es mit dem saftigen Geschmack wei\u00dffleischiger Fr\u00fcchte weiter, die je nach Jahrgang manchmal Aromen von Waldbeeren oder Zitrusfr\u00fcchten entfalten. Der Auftakt mit seiner Jodnote ist eine Ode an die Frische und Lebendigkeit, die sich auf der Ebene der Sinne in einem langen Abgang fortsetzt.<\/p>\n<p><!--more--><\/p>\n<p>Unser Chardonnay ist ein Lagerwein, der viele Jahre der Reifung vor sich hat. Aber da man ihn auch gerne jung genie\u00dft, ist es manchmal schwierig, ihn lange genug aufzubewahren, um seine Entwicklung zu entdecken. Deshalb haben wir den \u00d4 entwickelt. F\u00fcr Sie haben wir ihn mehrere Jahre in unserem Keller in der Tour Carr\u00e9e unter optimalen Bedingungen gelagert, um Ihnen einen reifen Wein anbieten zu k\u00f6nnen, der bereit ist, seinen ganzen Geschmack zu entfalten.<\/p>","protected":false},"featured_media":3946,"template":"","meta":[],"product_brand":[],"product_cat":[15],"product_tag":[],"class_list":{"0":"post-3472","1":"product","2":"type-product","3":"status-publish","4":"has-post-thumbnail","6":"product_cat-uncategorized","7":"has_thumb","9":"first","10":"instock","11":"featured","12":"purchasable","13":"product-type-variable"},"yoast_head":"<!-- This site is optimized with the Yoast SEO plugin v26.0 - https:\/\/yoast.com\/wordpress\/plugins\/seo\/ -->\n<title>Chardonnay \u00d4 - Domaine Fr\u00f4t\u00e9<\/title>\n<meta name=\"robots\" content=\"index, follow, max-snippet:-1, max-image-preview:large, max-video-preview:-1\" \/>\n<link rel=\"canonical\" href=\"https:\/\/frote.ch\/de\/nos-vins\/chardonnay-o\/\" \/>\n<meta property=\"og:locale\" content=\"de_DE\" \/>\n<meta property=\"og:type\" content=\"article\" \/>\n<meta property=\"og:title\" content=\"Chardonnay \u00d4 - Domaine Fr\u00f4t\u00e9\" \/>\n<meta property=\"og:description\" content=\"Notre Chardonnay nous permet d\u2019offrir un vin d\u2019une grande \u00e9l\u00e9gance aux notes subtiles et \u00e0 l\u2019\u00e9quilibre parfait. Dans la lign\u00e9e des plus grands Chardonnay, il met en exergue les fondamentaux de ce c\u00e9page. Sa robe jaune or attire le regard, puis son parfum floral et poudr\u00e9 capte l\u2019attention. En bouche, le voyage continue par ses saveurs suaves de fruits \u00e0 chair blanche jouant parfois sur des notes de fruits des bois ou d\u2019agrumes, suivant les mill\u00e9simes, le tout mis en perspective gr\u00e2ce \u00e0 son approche iod\u00e9e, ode \u00e0 la fra\u00eecheur et \u00e0 la vivacit\u00e9. Une exp\u00e9rience qui se prolonge au niveau des sens gr\u00e2ce \u00e0 une belle caudalie.    Notre Chardonnay est un vin de garde ayant de belles ann\u00e9es de maturation devant lui. Mais, comme bien souvent le plaisir n\u2019attend pas, il est parfois difficile de le conserver suffisamment longtemps pour en d\u00e9couvrir l\u2019\u00e9volution. C\u2019est pourquoi nous avons \u00e9labor\u00e9 le \u00d4. Pour vous, nous avons pris le temps de le conserver plusieurs ann\u00e9es dans notre cave de la Tour Carr\u00e9e, dans un environnement optimal, afin de vous offrir un vin \u00e0 maturit\u00e9, pr\u00eat \u00e0 r\u00e9v\u00e9ler toute sa saveur.\" \/>\n<meta property=\"og:url\" content=\"https:\/\/frote.ch\/de\/nos-vins\/chardonnay-o\/\" \/>\n<meta property=\"og:site_name\" content=\"Domaine Fr\u00f4t\u00e9\" \/>\n<meta property=\"article:modified_time\" content=\"2025-06-08T10:51:33+00:00\" \/>\n<meta property=\"og:image\" content=\"https:\/\/frote.ch\/wp-content\/uploads\/2020\/12\/btlle_O_domaine_Frote.png\" \/>\n\t<meta property=\"og:image:width\" content=\"1386\" \/>\n\t<meta property=\"og:image:height\" content=\"2000\" \/>\n\t<meta property=\"og:image:type\" content=\"image\/png\" \/>\n<meta name=\"twitter:card\" content=\"summary_large_image\" \/>\n<meta name=\"twitter:label1\" content=\"Gesch\u00e4tzte Lesezeit\" \/>\n\t<meta name=\"twitter:data1\" content=\"3\u00a0Minuten\" \/>\n<script type=\"application\/ld+json\" class=\"yoast-schema-graph\">{\"@context\":\"https:\/\/schema.org\",\"@graph\":[{\"@type\":\"WebPage\",\"@id\":\"https:\/\/frote.ch\/nos-vins\/chardonnay-o\/\",\"url\":\"https:\/\/frote.ch\/nos-vins\/chardonnay-o\/\",\"name\":\"Chardonnay \u00d4 - Domaine Fr\u00f4t\u00e9\",\"isPartOf\":{\"@id\":\"https:\/\/frote.ch\/#website\"},\"primaryImageOfPage\":{\"@id\":\"https:\/\/frote.ch\/nos-vins\/chardonnay-o\/#primaryimage\"},\"image\":{\"@id\":\"https:\/\/frote.ch\/nos-vins\/chardonnay-o\/#primaryimage\"},\"thumbnailUrl\":\"https:\/\/frote.ch\/wp-content\/uploads\/2020\/12\/btlle_O_domaine_Frote.png\",\"datePublished\":\"2020-09-29T11:55:52+00:00\",\"dateModified\":\"2025-06-08T10:51:33+00:00\",\"breadcrumb\":{\"@id\":\"https:\/\/frote.ch\/nos-vins\/chardonnay-o\/#breadcrumb\"},\"inLanguage\":\"de-CH\",\"potentialAction\":[{\"@type\":\"ReadAction\",\"target\":[\"https:\/\/frote.ch\/nos-vins\/chardonnay-o\/\"]}]},{\"@type\":\"ImageObject\",\"inLanguage\":\"de-CH\",\"@id\":\"https:\/\/frote.ch\/nos-vins\/chardonnay-o\/#primaryimage\",\"url\":\"https:\/\/frote.ch\/wp-content\/uploads\/2020\/12\/btlle_O_domaine_Frote.png\",\"contentUrl\":\"https:\/\/frote.ch\/wp-content\/uploads\/2020\/12\/btlle_O_domaine_Frote.png\",\"width\":1386,\"height\":2000,\"caption\":\"\u00d4\"},{\"@type\":\"BreadcrumbList\",\"@id\":\"https:\/\/frote.ch\/nos-vins\/chardonnay-o\/#breadcrumb\",\"itemListElement\":[{\"@type\":\"ListItem\",\"position\":1,\"name\":\"Accueil\",\"item\":\"https:\/\/frote.ch\/\"},{\"@type\":\"ListItem\",\"position\":2,\"name\":\"Boutique\",\"item\":\"https:\/\/frote.ch\/shop\/\"},{\"@type\":\"ListItem\",\"position\":3,\"name\":\"Chardonnay \u00d4\"}]},{\"@type\":\"WebSite\",\"@id\":\"https:\/\/frote.ch\/#website\",\"url\":\"https:\/\/frote.ch\/\",\"name\":\"Domaine Fr\u00f4t\u00e9\",\"description\":\"\",\"publisher\":{\"@id\":\"https:\/\/frote.ch\/#organization\"},\"potentialAction\":[{\"@type\":\"SearchAction\",\"target\":{\"@type\":\"EntryPoint\",\"urlTemplate\":\"https:\/\/frote.ch\/?s={search_term_string}\"},\"query-input\":{\"@type\":\"PropertyValueSpecification\",\"valueRequired\":true,\"valueName\":\"search_term_string\"}}],\"inLanguage\":\"de-CH\"},{\"@type\":\"Organization\",\"@id\":\"https:\/\/frote.ch\/#organization\",\"name\":\"Domaine Fr\u00f4t\u00e9\",\"url\":\"https:\/\/frote.ch\/\",\"logo\":{\"@type\":\"ImageObject\",\"inLanguage\":\"de-CH\",\"@id\":\"https:\/\/frote.ch\/#\/schema\/logo\/image\/\",\"url\":\"https:\/\/frote.ch\/wp-content\/uploads\/2020\/12\/logo_190_211.png\",\"contentUrl\":\"https:\/\/frote.ch\/wp-content\/uploads\/2020\/12\/logo_190_211.png\",\"width\":190,\"height\":211,\"caption\":\"Domaine Fr\u00f4t\u00e9\"},\"image\":{\"@id\":\"https:\/\/frote.ch\/#\/schema\/logo\/image\/\"},\"sameAs\":[\"https:\/\/www.youtube.com\/channel\/UCvOaQ6GZie5jiaea7SM7KWA\"]}]}<\/script>\n<!-- \/ Yoast SEO plugin. -->","yoast_head_json":{"title":"Chardonnay \u00d4 - Domaine Fr\u00f4t\u00e9","robots":{"index":"index","follow":"follow","max-snippet":"max-snippet:-1","max-image-preview":"max-image-preview:large","max-video-preview":"max-video-preview:-1"},"canonical":"https:\/\/frote.ch\/de\/nos-vins\/chardonnay-o\/","og_locale":"de_DE","og_type":"article","og_title":"Chardonnay \u00d4 - Domaine Fr\u00f4t\u00e9","og_description":"Notre Chardonnay nous permet d\u2019offrir un vin d\u2019une grande \u00e9l\u00e9gance aux notes subtiles et \u00e0 l\u2019\u00e9quilibre parfait. Dans la lign\u00e9e des plus grands Chardonnay, il met en exergue les fondamentaux de ce c\u00e9page. Sa robe jaune or attire le regard, puis son parfum floral et poudr\u00e9 capte l\u2019attention. En bouche, le voyage continue par ses saveurs suaves de fruits \u00e0 chair blanche jouant parfois sur des notes de fruits des bois ou d\u2019agrumes, suivant les mill\u00e9simes, le tout mis en perspective gr\u00e2ce \u00e0 son approche iod\u00e9e, ode \u00e0 la fra\u00eecheur et \u00e0 la vivacit\u00e9. Une exp\u00e9rience qui se prolonge au niveau des sens gr\u00e2ce \u00e0 une belle caudalie.    Notre Chardonnay est un vin de garde ayant de belles ann\u00e9es de maturation devant lui. Mais, comme bien souvent le plaisir n\u2019attend pas, il est parfois difficile de le conserver suffisamment longtemps pour en d\u00e9couvrir l\u2019\u00e9volution. C\u2019est pourquoi nous avons \u00e9labor\u00e9 le \u00d4. Pour vous, nous avons pris le temps de le conserver plusieurs ann\u00e9es dans notre cave de la Tour Carr\u00e9e, dans un environnement optimal, afin de vous offrir un vin \u00e0 maturit\u00e9, pr\u00eat \u00e0 r\u00e9v\u00e9ler toute sa saveur.","og_url":"https:\/\/frote.ch\/de\/nos-vins\/chardonnay-o\/","og_site_name":"Domaine Fr\u00f4t\u00e9","article_modified_time":"2025-06-08T10:51:33+00:00","og_image":[{"width":1386,"height":2000,"url":"https:\/\/frote.ch\/wp-content\/uploads\/2020\/12\/btlle_O_domaine_Frote.png","type":"image\/png"}],"twitter_card":"summary_large_image","twitter_misc":{"Gesch\u00e4tzte Lesezeit":"3\u00a0Minuten"},"schema":{"@context":"https:\/\/schema.org","@graph":[{"@type":"WebPage","@id":"https:\/\/frote.ch\/nos-vins\/chardonnay-o\/","url":"https:\/\/frote.ch\/nos-vins\/chardonnay-o\/","name":"Chardonnay \u00d4 - Domaine Fr\u00f4t\u00e9","isPartOf":{"@id":"https:\/\/frote.ch\/#website"},"primaryImageOfPage":{"@id":"https:\/\/frote.ch\/nos-vins\/chardonnay-o\/#primaryimage"},"image":{"@id":"https:\/\/frote.ch\/nos-vins\/chardonnay-o\/#primaryimage"},"thumbnailUrl":"https:\/\/frote.ch\/wp-content\/uploads\/2020\/12\/btlle_O_domaine_Frote.png","datePublished":"2020-09-29T11:55:52+00:00","dateModified":"2025-06-08T10:51:33+00:00","breadcrumb":{"@id":"https:\/\/frote.ch\/nos-vins\/chardonnay-o\/#breadcrumb"},"inLanguage":"de-CH","potentialAction":[{"@type":"ReadAction","target":["https:\/\/frote.ch\/nos-vins\/chardonnay-o\/"]}]},{"@type":"ImageObject","inLanguage":"de-CH","@id":"https:\/\/frote.ch\/nos-vins\/chardonnay-o\/#primaryimage","url":"https:\/\/frote.ch\/wp-content\/uploads\/2020\/12\/btlle_O_domaine_Frote.png","contentUrl":"https:\/\/frote.ch\/wp-content\/uploads\/2020\/12\/btlle_O_domaine_Frote.png","width":1386,"height":2000,"caption":"\u00d4"},{"@type":"BreadcrumbList","@id":"https:\/\/frote.ch\/nos-vins\/chardonnay-o\/#breadcrumb","itemListElement":[{"@type":"ListItem","position":1,"name":"Accueil","item":"https:\/\/frote.ch\/"},{"@type":"ListItem","position":2,"name":"Boutique","item":"https:\/\/frote.ch\/shop\/"},{"@type":"ListItem","position":3,"name":"Chardonnay \u00d4"}]},{"@type":"WebSite","@id":"https:\/\/frote.ch\/#website","url":"https:\/\/frote.ch\/","name":"Domaine Fr\u00f4t\u00e9","description":"","publisher":{"@id":"https:\/\/frote.ch\/#organization"},"potentialAction":[{"@type":"SearchAction","target":{"@type":"EntryPoint","urlTemplate":"https:\/\/frote.ch\/?s={search_term_string}"},"query-input":{"@type":"PropertyValueSpecification","valueRequired":true,"valueName":"search_term_string"}}],"inLanguage":"de-CH"},{"@type":"Organization","@id":"https:\/\/frote.ch\/#organization","name":"Domaine Fr\u00f4t\u00e9","url":"https:\/\/frote.ch\/","logo":{"@type":"ImageObject","inLanguage":"de-CH","@id":"https:\/\/frote.ch\/#\/schema\/logo\/image\/","url":"https:\/\/frote.ch\/wp-content\/uploads\/2020\/12\/logo_190_211.png","contentUrl":"https:\/\/frote.ch\/wp-content\/uploads\/2020\/12\/logo_190_211.png","width":190,"height":211,"caption":"Domaine Fr\u00f4t\u00e9"},"image":{"@id":"https:\/\/frote.ch\/#\/schema\/logo\/image\/"},"sameAs":["https:\/\/www.youtube.com\/channel\/UCvOaQ6GZie5jiaea7SM7KWA"]}]}},"_links":{"self":[{"href":"https:\/\/frote.ch\/de\/wp-json\/wp\/v2\/product\/3472","targetHints":{"allow":["GET"]}}],"collection":[{"href":"https:\/\/frote.ch\/de\/wp-json\/wp\/v2\/product"}],"about":[{"href":"https:\/\/frote.ch\/de\/wp-json\/wp\/v2\/types\/product"}],"wp:featuredmedia":[{"embeddable":true,"href":"https:\/\/frote.ch\/de\/wp-json\/wp\/v2\/media\/3946"}],"wp:attachment":[{"href":"https:\/\/frote.ch\/de\/wp-json\/wp\/v2\/media?parent=3472"}],"wp:term":[{"taxonomy":"product_brand","embeddable":true,"href":"https:\/\/frote.ch\/de\/wp-json\/wp\/v2\/product_brand?post=3472"},{"taxonomy":"product_cat","embeddable":true,"href":"https:\/\/frote.ch\/de\/wp-json\/wp\/v2\/product_cat?post=3472"},{"taxonomy":"product_tag","embeddable":true,"href":"https:\/\/frote.ch\/de\/wp-json\/wp\/v2\/product_tag?post=3472"}],"curies":[{"name":"wp","href":"https:\/\/api.w.org\/{rel}","templated":true}]}}